{"id":294660,"date":"2023-06-03T08:16:43","date_gmt":"2023-06-03T06:16:43","guid":{"rendered":"https:\/\/www.salzburgerheimatwerk.at\/produkt\/dirndlbluse-ima\/"},"modified":"2026-04-28T20:23:10","modified_gmt":"2026-04-28T18:23:10","slug":"dirndlbluse-ima","status":"publish","type":"product","link":"https:\/\/www.salzburgerheimatwerk.at\/en\/produkt\/dirndlbluse-ima\/","title":{"rendered":"Dirndlbluse Ima"},"content":{"rendered":"<p>Material:<br \/>\nFarbe: wei\u00df<br \/>\n80%Baumwolle, 20%Elastan<\/p>\n<p>Details:<br \/>\n+ All Over Jerseybluse f\u00fcr extra Komfort<br \/>\n+ feiner Stehkragen mit V-Ausschnitt<br \/>\n+ h\u00e4ndisch ausgeschnittene Spitze entlang Ausschnitt<br \/>\n+ h\u00e4ndisch ausgeschnittene Spitze an \u00c4rmelsaum<br \/>\n+ Knopfleiste vorne<br \/>\n+ Kurzarm<\/p>\n","protected":false},"excerpt":{"rendered":"<p>Material: Farbe: wei\u00df 80%Baumwolle, 20%Elastan  Details: + All Over Jerseybluse f\u00fcr extra Komfort + feiner Stehkragen mit V-Ausschnitt + h\u00e4ndisch ausgeschnittene Spitze entlang&#8230;<\/p>\n","protected":false},"featured_media":325409,"template":"","meta":{"_acf_changed":false},"product_brand":[],"product_cat":[48,52],"product_tag":[827],"class_list":{"0":"post-294660","1":"product","2":"type-product","3":"status-publish","4":"has-post-thumbnail","6":"pricegroup-202","7":"pricegroup-822","8":"productgroup-823","9":"productgroup-204","10":"product_cat-damentracht","11":"product_cat-blusen-shirts","12":"product_tag-dirndlbluse","13":"pa_farbe-weiss","15":"first","16":"instock","17":"taxable","18":"shipping-taxable","19":"purchasable","20":"product-type-variable","21":"has-default-attributes"},"acf":[],"jetpack_sharing_enabled":true,"_links":{"self":[{"href":"https:\/\/www.salzburgerheimatwerk.at\/en\/wp-json\/wp\/v2\/product\/294660","targetHints":{"allow":["GET"]}}],"collection":[{"href":"https:\/\/www.salzburgerheimatwerk.at\/en\/wp-json\/wp\/v2\/product"}],"about":[{"href":"https:\/\/www.salzburgerheimatwerk.at\/en\/wp-json\/wp\/v2\/types\/product"}],"wp:featuredmedia":[{"embeddable":true,"href":"https:\/\/www.salzburgerheimatwerk.at\/en\/wp-json\/wp\/v2\/media\/325409"}],"wp:attachment":[{"href":"https:\/\/www.salzburgerheimatwerk.at\/en\/wp-json\/wp\/v2\/media?parent=294660"}],"wp:term":[{"taxonomy":"product_brand","embeddable":true,"href":"https:\/\/www.salzburgerheimatwerk.at\/en\/wp-json\/wp\/v2\/product_brand?post=294660"},{"taxonomy":"product_cat","embeddable":true,"href":"https:\/\/www.salzburgerheimatwerk.at\/en\/wp-json\/wp\/v2\/product_cat?post=294660"},{"taxonomy":"product_tag","embeddable":true,"href":"https:\/\/www.salzburgerheimatwerk.at\/en\/wp-json\/wp\/v2\/product_tag?post=294660"}],"curies":[{"name":"wp","href":"https:\/\/api.w.org\/{rel}","templated":true}]}}