{"id":294683,"date":"2023-06-04T08:16:04","date_gmt":"2023-06-04T06:16:04","guid":{"rendered":"https:\/\/www.salzburgerheimatwerk.at\/produkt\/wildshantung-seide-beere-uni-2\/"},"modified":"2026-04-28T20:22:13","modified_gmt":"2026-04-28T18:22:13","slug":"wildshantung-seide-beere-uni-2","status":"publish","type":"product","link":"https:\/\/www.salzburgerheimatwerk.at\/en\/produkt\/wildshantung-seide-beere-uni-2\/","title":{"rendered":"Wild(Shantung)-Seide beere Uni"},"content":{"rendered":"<p>Wildseide stammt &#8211; anders als edle Seiden &#8211; von wild lebenden und nicht gez\u00fcchteten Raupen. Typisch f\u00fcr Wildseide sind unregelm\u00e4\u00dfige Verdickungen des Schussfadens wodurch ihre charakteristische Optik entsteht. Im Gegensatz zur edlen Seide ist der Glanz der Wildseide etwas milder.<\/p>\n<p>Eignung<br \/>\nIdeal f\u00fcr Dirndloberteile, -r\u00f6cke und \u2013sch\u00fcrzen, Jacken und elegante Abendkleidung.<\/p>\n","protected":false},"excerpt":{"rendered":"<p>Wildseide stammt &#8211; anders als edle Seiden &#8211; von wild lebenden und nicht gez\u00fcchteten Raupen. Typisch f\u00fcr Wildseide sind unregelm\u00e4\u00dfige Verdickungen des Schussfadens wodurch&#8230;<\/p>\n","protected":false},"featured_media":302464,"template":"","meta":{"_acf_changed":false},"product_brand":[],"product_cat":[37,192],"product_tag":[755],"class_list":{"0":"post-294683","1":"product","2":"type-product","3":"status-publish","4":"has-post-thumbnail","6":"pricegroup-165","7":"pricegroup-415","8":"productgroup-173","9":"productgroup-416","10":"product_cat-stoffe","11":"product_cat-trachtenstoffe","12":"product_tag-ws-beere-uni","13":"pa_farbe-lila","14":"pa_stoffbreite-135-cm","15":"pa_zertifizierung-nachhaltig","17":"first","18":"instock","19":"taxable","20":"shipping-taxable","21":"purchasable","22":"product-type-simple"},"acf":[],"jetpack_sharing_enabled":true,"_links":{"self":[{"href":"https:\/\/www.salzburgerheimatwerk.at\/en\/wp-json\/wp\/v2\/product\/294683","targetHints":{"allow":["GET"]}}],"collection":[{"href":"https:\/\/www.salzburgerheimatwerk.at\/en\/wp-json\/wp\/v2\/product"}],"about":[{"href":"https:\/\/www.salzburgerheimatwerk.at\/en\/wp-json\/wp\/v2\/types\/product"}],"wp:featuredmedia":[{"embeddable":true,"href":"https:\/\/www.salzburgerheimatwerk.at\/en\/wp-json\/wp\/v2\/media\/302464"}],"wp:attachment":[{"href":"https:\/\/www.salzburgerheimatwerk.at\/en\/wp-json\/wp\/v2\/media?parent=294683"}],"wp:term":[{"taxonomy":"product_brand","embeddable":true,"href":"https:\/\/www.salzburgerheimatwerk.at\/en\/wp-json\/wp\/v2\/product_brand?post=294683"},{"taxonomy":"product_cat","embeddable":true,"href":"https:\/\/www.salzburgerheimatwerk.at\/en\/wp-json\/wp\/v2\/product_cat?post=294683"},{"taxonomy":"product_tag","embeddable":true,"href":"https:\/\/www.salzburgerheimatwerk.at\/en\/wp-json\/wp\/v2\/product_tag?post=294683"}],"curies":[{"name":"wp","href":"https:\/\/api.w.org\/{rel}","templated":true}]}}