{"id":295764,"date":"2023-06-17T08:20:46","date_gmt":"2023-06-17T06:20:46","guid":{"rendered":"https:\/\/www.salzburgerheimatwerk.at\/produkt\/reinseiden-taft-lila-uni-2\/"},"modified":"2026-04-28T18:22:48","modified_gmt":"2026-04-28T16:22:48","slug":"reinseiden-taft-lila-uni-2","status":"publish","type":"product","link":"https:\/\/www.salzburgerheimatwerk.at\/en\/produkt\/reinseiden-taft-lila-uni-2\/","title":{"rendered":"Reinseiden-Taft lila Uni"},"content":{"rendered":"<p>Seide wird aus dem Faden der Seidenraupe gewonnen. Durch die Verwendung unterschiedlicher Farben in Kette und Schuss entsteht der einzigartige changierende Effekt dieses edlen Materials. <\/p>\n<p>Eignung<br \/>\nIdeal f\u00fcr Dirndlr\u00f6cke und -sch\u00fcrzen sowie elegante Abendkleidung.<\/p>\n","protected":false},"excerpt":{"rendered":"<p>Seide wird aus dem Faden der Seidenraupe gewonnen. Durch die Verwendung unterschiedlicher Farben in Kette und Schuss entsteht der einzigartige changierende Effekt dieses edlen&#8230;<\/p>\n","protected":false},"featured_media":328579,"template":"","meta":{"_acf_changed":false},"product_brand":[],"product_cat":[37,192],"product_tag":[1695],"class_list":{"0":"post-295764","1":"product","2":"type-product","3":"status-publish","4":"has-post-thumbnail","6":"pricegroup-165","7":"pricegroup-415","8":"productgroup-173","9":"productgroup-416","10":"product_cat-stoffe","11":"product_cat-trachtenstoffe","12":"product_tag-rs-taft-lila-uni","13":"pa_farbe-lila","14":"pa_stoffbreite-150-cm","15":"pa_zertifizierung-oeko-tex","17":"first","18":"instock","19":"taxable","20":"shipping-taxable","21":"purchasable","22":"product-type-simple"},"acf":[],"jetpack_sharing_enabled":true,"_links":{"self":[{"href":"https:\/\/www.salzburgerheimatwerk.at\/en\/wp-json\/wp\/v2\/product\/295764","targetHints":{"allow":["GET"]}}],"collection":[{"href":"https:\/\/www.salzburgerheimatwerk.at\/en\/wp-json\/wp\/v2\/product"}],"about":[{"href":"https:\/\/www.salzburgerheimatwerk.at\/en\/wp-json\/wp\/v2\/types\/product"}],"wp:featuredmedia":[{"embeddable":true,"href":"https:\/\/www.salzburgerheimatwerk.at\/en\/wp-json\/wp\/v2\/media\/328579"}],"wp:attachment":[{"href":"https:\/\/www.salzburgerheimatwerk.at\/en\/wp-json\/wp\/v2\/media?parent=295764"}],"wp:term":[{"taxonomy":"product_brand","embeddable":true,"href":"https:\/\/www.salzburgerheimatwerk.at\/en\/wp-json\/wp\/v2\/product_brand?post=295764"},{"taxonomy":"product_cat","embeddable":true,"href":"https:\/\/www.salzburgerheimatwerk.at\/en\/wp-json\/wp\/v2\/product_cat?post=295764"},{"taxonomy":"product_tag","embeddable":true,"href":"https:\/\/www.salzburgerheimatwerk.at\/en\/wp-json\/wp\/v2\/product_tag?post=295764"}],"curies":[{"name":"wp","href":"https:\/\/api.w.org\/{rel}","templated":true}]}}