{"id":298447,"date":"2023-09-07T08:16:02","date_gmt":"2023-09-07T06:16:02","guid":{"rendered":"https:\/\/www.salzburgerheimatwerk.at\/produkt\/kochen-mit-christina\/"},"modified":"2026-04-28T18:23:01","modified_gmt":"2026-04-28T16:23:01","slug":"kochen-mit-christina","status":"publish","type":"product","link":"https:\/\/www.salzburgerheimatwerk.at\/en\/produkt\/kochen-mit-christina\/","title":{"rendered":"Kochen mit Christina"},"content":{"rendered":"<p>\u00dcber 70 Rezepte f\u00fcr den Backofen, die immer gelingen!<br \/>\nMein erstes Kochbuch ist auf den Markt. Darin finden sich \u00fcber 70 Rezepte f\u00fcr bodenst\u00e4ndige Kreationen aus dem Backofen, die garantiert schmecken. Ganz wie ihr es von mir gewohnt seid, arbeite ich mit regionalen Zutaten f\u00fcr einfache und schnelle Gerichte. Obendrauf gibt es Tipps und Tricks wie praktische Wochenpl\u00e4ne, Infos zur Lagerung von Lebensmitteln und N\u00fctzliches zum Backofen.<\/p>\n<p>Das Kochbuch vereint pikante Klassiker wie Lasagne oder geschmortes Rindfleisch und Grundrezepte f\u00fcr Strudelteig f\u00fcr s\u00fc\u00dfe Versuchungen mit vegetarischen Gerichten f\u00fcr einen abwechslungsreichen Speiseplan.<\/p>\n","protected":false},"excerpt":{"rendered":"<p>\u00dcber 70 Rezepte f\u00fcr den Backofen, die immer gelingen! Mein erstes Kochbuch ist auf den Markt. Darin finden sich \u00fcber 70 Rezepte f\u00fcr bodenst\u00e4ndige&#8230;<\/p>\n","protected":false},"featured_media":298448,"template":"","meta":{"_acf_changed":false},"product_brand":[],"product_cat":[1218,2037],"product_tag":[2038],"class_list":{"0":"post-298447","1":"product","2":"type-product","3":"status-publish","4":"has-post-thumbnail","6":"pricegroup-1171","7":"pricegroup-1331","8":"productgroup-1173","9":"productgroup-1332","10":"product_cat-buecher-cds","11":"product_cat-sonstiges-buecher","12":"product_tag-kochen-mit-christina","14":"first","15":"instock","16":"taxable","17":"shipping-taxable","18":"purchasable","19":"product-type-simple"},"acf":[],"jetpack_sharing_enabled":true,"_links":{"self":[{"href":"https:\/\/www.salzburgerheimatwerk.at\/en\/wp-json\/wp\/v2\/product\/298447","targetHints":{"allow":["GET"]}}],"collection":[{"href":"https:\/\/www.salzburgerheimatwerk.at\/en\/wp-json\/wp\/v2\/product"}],"about":[{"href":"https:\/\/www.salzburgerheimatwerk.at\/en\/wp-json\/wp\/v2\/types\/product"}],"wp:featuredmedia":[{"embeddable":true,"href":"https:\/\/www.salzburgerheimatwerk.at\/en\/wp-json\/wp\/v2\/media\/298448"}],"wp:attachment":[{"href":"https:\/\/www.salzburgerheimatwerk.at\/en\/wp-json\/wp\/v2\/media?parent=298447"}],"wp:term":[{"taxonomy":"product_brand","embeddable":true,"href":"https:\/\/www.salzburgerheimatwerk.at\/en\/wp-json\/wp\/v2\/product_brand?post=298447"},{"taxonomy":"product_cat","embeddable":true,"href":"https:\/\/www.salzburgerheimatwerk.at\/en\/wp-json\/wp\/v2\/product_cat?post=298447"},{"taxonomy":"product_tag","embeddable":true,"href":"https:\/\/www.salzburgerheimatwerk.at\/en\/wp-json\/wp\/v2\/product_tag?post=298447"}],"curies":[{"name":"wp","href":"https:\/\/api.w.org\/{rel}","templated":true}]}}