{"id":298537,"date":"2023-09-14T08:16:06","date_gmt":"2023-09-14T06:16:06","guid":{"rendered":"https:\/\/www.salzburgerheimatwerk.at\/produkt\/reinleinen-blaudruck-allover\/"},"modified":"2026-04-28T18:21:07","modified_gmt":"2026-04-28T16:21:07","slug":"reinleinen-blaudruck-allover","status":"publish","type":"product","link":"https:\/\/www.salzburgerheimatwerk.at\/en\/produkt\/reinleinen-blaudruck-allover\/","title":{"rendered":"Reinleinen Blaudruck Allover"},"content":{"rendered":"<p>Beim Blaudruck wird reines Leinen nach alter Handwerkskunst mit Druckmodeln von Hand bedruckt und mit Indigo gef\u00e4rbt. Die Produkte sind Unikate, leichte Farbschattierungen sind nicht Makel sondern gew\u00fcnschte Besonderheit des Blaudrucks!<\/p>\n<p>Eignung<br \/>\nIdeal f\u00fcr Dirndloberteile, -r\u00f6cke und -sch\u00fcrzen, Jacken und Kleider.<\/p>\n","protected":false},"excerpt":{"rendered":"<p>Beim Blaudruck wird reines Leinen nach alter Handwerkskunst mit Druckmodeln von Hand bedruckt und mit Indigo gef\u00e4rbt. Die Produkte sind Unikate, leichte Farbschattierungen sind&#8230;<\/p>\n","protected":false},"featured_media":335683,"template":"","meta":{"_acf_changed":false},"product_brand":[],"product_cat":[192,37],"product_tag":[2050],"class_list":{"0":"post-298537","1":"product","2":"type-product","3":"status-publish","4":"has-post-thumbnail","6":"pricegroup-165","7":"pricegroup-167","8":"productgroup-173","9":"productgroup-175","10":"product_cat-trachtenstoffe","11":"product_cat-stoffe","12":"product_tag-rl-blaudruck-sonnenblume","13":"pa_farbe-blau","14":"pa_stoffbreite-90-cm","15":"pa_von-hand-gemacht-ja","16":"pa_zertifizierung-nachhaltig","18":"first","19":"instock","20":"taxable","21":"shipping-taxable","22":"purchasable","23":"product-type-simple"},"acf":[],"jetpack_sharing_enabled":true,"_links":{"self":[{"href":"https:\/\/www.salzburgerheimatwerk.at\/en\/wp-json\/wp\/v2\/product\/298537","targetHints":{"allow":["GET"]}}],"collection":[{"href":"https:\/\/www.salzburgerheimatwerk.at\/en\/wp-json\/wp\/v2\/product"}],"about":[{"href":"https:\/\/www.salzburgerheimatwerk.at\/en\/wp-json\/wp\/v2\/types\/product"}],"wp:featuredmedia":[{"embeddable":true,"href":"https:\/\/www.salzburgerheimatwerk.at\/en\/wp-json\/wp\/v2\/media\/335683"}],"wp:attachment":[{"href":"https:\/\/www.salzburgerheimatwerk.at\/en\/wp-json\/wp\/v2\/media?parent=298537"}],"wp:term":[{"taxonomy":"product_brand","embeddable":true,"href":"https:\/\/www.salzburgerheimatwerk.at\/en\/wp-json\/wp\/v2\/product_brand?post=298537"},{"taxonomy":"product_cat","embeddable":true,"href":"https:\/\/www.salzburgerheimatwerk.at\/en\/wp-json\/wp\/v2\/product_cat?post=298537"},{"taxonomy":"product_tag","embeddable":true,"href":"https:\/\/www.salzburgerheimatwerk.at\/en\/wp-json\/wp\/v2\/product_tag?post=298537"}],"curies":[{"name":"wp","href":"https:\/\/api.w.org\/{rel}","templated":true}]}}