{"id":298763,"date":"2023-09-30T08:16:29","date_gmt":"2023-09-30T06:16:29","guid":{"rendered":"https:\/\/www.salzburgerheimatwerk.at\/produkt\/einknopf-lodenmantel-mit-guertel\/"},"modified":"2026-04-28T18:23:12","modified_gmt":"2026-04-28T16:23:12","slug":"einknopf-lodenmantel-mit-guertel","status":"publish","type":"product","link":"https:\/\/www.salzburgerheimatwerk.at\/en\/produkt\/einknopf-lodenmantel-mit-guertel\/","title":{"rendered":"Einknopf Lodenmantel mit G\u00fcrtel"},"content":{"rendered":"<p>Double Ein-Knopf Mantel mit Kragen und G\u00fcrtel in einem grau-gr\u00fcn Ton, der sich wunderbar anpasst. Ein Klassiker f\u00fcr jeden Anlass von Resi Hammerer. Gefertigt aus 100% Merino Wolle mit seitlichen Eingrifftschen unauff\u00e4llig in der Naht verarbeitet.<br \/>\nPerfekt f\u00fcr jedes Wetter und jeden Anlass!<\/p>\n","protected":false},"excerpt":{"rendered":"<p>Double Ein-Knopf Mantel mit Kragen und G\u00fcrtel in einem grau-gr\u00fcn Ton, der sich wunderbar anpasst. Ein Klassiker f\u00fcr jeden Anlass von Resi Hammerer. Gefertigt&#8230;<\/p>\n","protected":false},"featured_media":325456,"template":"","meta":{"_acf_changed":false},"product_brand":[],"product_cat":[304,48],"product_tag":[2072],"class_list":{"0":"post-298763","1":"product","2":"type-product","3":"status-publish","4":"has-post-thumbnail","6":"pricegroup-265","7":"pricegroup-202","8":"productgroup-266","9":"productgroup-204","10":"product_cat-jacken-maentel-damentracht","11":"product_cat-damentracht","12":"product_tag-einknopf-mantel-mit-guertel","13":"pa_farbe-grau","15":"first","16":"instock","17":"taxable","18":"shipping-taxable","19":"purchasable","20":"product-type-variable","21":"has-default-attributes"},"acf":[],"jetpack_sharing_enabled":true,"_links":{"self":[{"href":"https:\/\/www.salzburgerheimatwerk.at\/en\/wp-json\/wp\/v2\/product\/298763","targetHints":{"allow":["GET"]}}],"collection":[{"href":"https:\/\/www.salzburgerheimatwerk.at\/en\/wp-json\/wp\/v2\/product"}],"about":[{"href":"https:\/\/www.salzburgerheimatwerk.at\/en\/wp-json\/wp\/v2\/types\/product"}],"wp:featuredmedia":[{"embeddable":true,"href":"https:\/\/www.salzburgerheimatwerk.at\/en\/wp-json\/wp\/v2\/media\/325456"}],"wp:attachment":[{"href":"https:\/\/www.salzburgerheimatwerk.at\/en\/wp-json\/wp\/v2\/media?parent=298763"}],"wp:term":[{"taxonomy":"product_brand","embeddable":true,"href":"https:\/\/www.salzburgerheimatwerk.at\/en\/wp-json\/wp\/v2\/product_brand?post=298763"},{"taxonomy":"product_cat","embeddable":true,"href":"https:\/\/www.salzburgerheimatwerk.at\/en\/wp-json\/wp\/v2\/product_cat?post=298763"},{"taxonomy":"product_tag","embeddable":true,"href":"https:\/\/www.salzburgerheimatwerk.at\/en\/wp-json\/wp\/v2\/product_tag?post=298763"}],"curies":[{"name":"wp","href":"https:\/\/api.w.org\/{rel}","templated":true}]}}