{"id":298811,"date":"2023-10-02T08:16:06","date_gmt":"2023-10-02T06:16:06","guid":{"rendered":"https:\/\/www.salzburgerheimatwerk.at\/produkt\/damenrock-kalo-blau\/"},"modified":"2026-04-28T18:23:11","modified_gmt":"2026-04-28T16:23:11","slug":"damenrock-kalo-blau","status":"publish","type":"product","link":"https:\/\/www.salzburgerheimatwerk.at\/en\/produkt\/damenrock-kalo-blau\/","title":{"rendered":"Damenrock Kalo blau"},"content":{"rendered":"<p>Dieser Rock, der oberhalb des Knies endet, ist neu bei uns im Heimatwerk und kommt von der ROCKMACHERIN. Er sitzt in der Taille und hat einen Formbund, und einen verdeckten Rei\u00dfverschluss an der R\u00fcckseite. Praktisch sind die zwei seitliche Taschen. Die Bord\u00fcre aus Rockmacherin eigenem Print verleiht dem Kalo einen folkloristischen Anstrich. Der Rock aus Baumwolle ist waschbar.<br \/>\nLichtblau leuchtet diese Kalo-Variante und ist unkompliziert zu kombinieren und wundersch\u00f6n.<br \/>\nDas Model kombiniert den Rock mit der Weste Resal in steingrau.<\/p>\n","protected":false},"excerpt":{"rendered":"<p>Dieser Rock, der oberhalb des Knies endet, ist neu bei uns im Heimatwerk und kommt von der ROCKMACHERIN. Er sitzt in der Taille und&#8230;<\/p>\n","protected":false},"featured_media":343491,"template":"","meta":{"_acf_changed":false},"product_brand":[],"product_cat":[48,50],"product_tag":[1922],"class_list":{"0":"post-298811","1":"product","2":"type-product","3":"status-publish","4":"has-post-thumbnail","6":"pricegroup-202","7":"pricegroup-289","8":"productgroup-204","9":"productgroup-290","10":"product_cat-damentracht","11":"product_cat-roecke-hosen","12":"product_tag-damenrock","13":"pa_farbe-blau","15":"first","16":"instock","17":"taxable","18":"shipping-taxable","19":"purchasable","20":"product-type-variable","21":"has-default-attributes"},"acf":[],"jetpack_sharing_enabled":true,"_links":{"self":[{"href":"https:\/\/www.salzburgerheimatwerk.at\/en\/wp-json\/wp\/v2\/product\/298811","targetHints":{"allow":["GET"]}}],"collection":[{"href":"https:\/\/www.salzburgerheimatwerk.at\/en\/wp-json\/wp\/v2\/product"}],"about":[{"href":"https:\/\/www.salzburgerheimatwerk.at\/en\/wp-json\/wp\/v2\/types\/product"}],"wp:featuredmedia":[{"embeddable":true,"href":"https:\/\/www.salzburgerheimatwerk.at\/en\/wp-json\/wp\/v2\/media\/343491"}],"wp:attachment":[{"href":"https:\/\/www.salzburgerheimatwerk.at\/en\/wp-json\/wp\/v2\/media?parent=298811"}],"wp:term":[{"taxonomy":"product_brand","embeddable":true,"href":"https:\/\/www.salzburgerheimatwerk.at\/en\/wp-json\/wp\/v2\/product_brand?post=298811"},{"taxonomy":"product_cat","embeddable":true,"href":"https:\/\/www.salzburgerheimatwerk.at\/en\/wp-json\/wp\/v2\/product_cat?post=298811"},{"taxonomy":"product_tag","embeddable":true,"href":"https:\/\/www.salzburgerheimatwerk.at\/en\/wp-json\/wp\/v2\/product_tag?post=298811"}],"curies":[{"name":"wp","href":"https:\/\/api.w.org\/{rel}","templated":true}]}}