{"id":298820,"date":"2023-10-02T08:16:13","date_gmt":"2023-10-02T06:16:13","guid":{"rendered":"https:\/\/www.salzburgerheimatwerk.at\/produkt\/weste-steingrau\/"},"modified":"2026-04-28T18:23:11","modified_gmt":"2026-04-28T16:23:11","slug":"weste-steingrau","status":"publish","type":"product","link":"https:\/\/www.salzburgerheimatwerk.at\/en\/produkt\/weste-steingrau\/","title":{"rendered":"Weste steingrau"},"content":{"rendered":"<p>Mit der Weste Resal aus 100%iger Schurwolle steuert ROCKMACHERIN ein neues Oberteil zu deiner Garderobe bei, das dich zum Hingucker werden l\u00e4sst. Sie macht eine sch\u00f6ne figurnahe Silhouette und ist ein wenig weiter geschnitten als unser Spenzer Nanni. Wir lieben die Details wie das gebl\u00fcmte Innenfutter aus Baumwolle und passend gef\u00e4rbten Kn\u00f6pfe aus Steinnuss.<br \/>\nResal in Steingrau l\u00e4sst sich universell kombinieren.<\/p>\n","protected":false},"excerpt":{"rendered":"<p>Mit der Weste Resal aus 100%iger Schurwolle steuert ROCKMACHERIN ein neues Oberteil zu deiner Garderobe bei, das dich zum Hingucker werden l\u00e4sst. Sie macht&#8230;<\/p>\n","protected":false},"featured_media":343494,"template":"","meta":{"_acf_changed":false},"product_brand":[],"product_cat":[1049,48],"product_tag":[1050],"class_list":{"0":"post-298820","1":"product","2":"type-product","3":"status-publish","4":"has-post-thumbnail","6":"pricegroup-1047","7":"pricegroup-202","8":"productgroup-1048","9":"productgroup-204","10":"product_cat-westen-damentracht","11":"product_cat-damentracht","12":"product_tag-weste","13":"pa_farbe-grau","15":"first","16":"instock","17":"taxable","18":"shipping-taxable","19":"purchasable","20":"product-type-variable","21":"has-default-attributes"},"acf":[],"jetpack_sharing_enabled":true,"_links":{"self":[{"href":"https:\/\/www.salzburgerheimatwerk.at\/en\/wp-json\/wp\/v2\/product\/298820","targetHints":{"allow":["GET"]}}],"collection":[{"href":"https:\/\/www.salzburgerheimatwerk.at\/en\/wp-json\/wp\/v2\/product"}],"about":[{"href":"https:\/\/www.salzburgerheimatwerk.at\/en\/wp-json\/wp\/v2\/types\/product"}],"wp:featuredmedia":[{"embeddable":true,"href":"https:\/\/www.salzburgerheimatwerk.at\/en\/wp-json\/wp\/v2\/media\/343494"}],"wp:attachment":[{"href":"https:\/\/www.salzburgerheimatwerk.at\/en\/wp-json\/wp\/v2\/media?parent=298820"}],"wp:term":[{"taxonomy":"product_brand","embeddable":true,"href":"https:\/\/www.salzburgerheimatwerk.at\/en\/wp-json\/wp\/v2\/product_brand?post=298820"},{"taxonomy":"product_cat","embeddable":true,"href":"https:\/\/www.salzburgerheimatwerk.at\/en\/wp-json\/wp\/v2\/product_cat?post=298820"},{"taxonomy":"product_tag","embeddable":true,"href":"https:\/\/www.salzburgerheimatwerk.at\/en\/wp-json\/wp\/v2\/product_tag?post=298820"}],"curies":[{"name":"wp","href":"https:\/\/api.w.org\/{rel}","templated":true}]}}