{"id":299097,"date":"2023-10-08T08:16:51","date_gmt":"2023-10-08T06:16:51","guid":{"rendered":"https:\/\/www.salzburgerheimatwerk.at\/produkt\/schnuerboot-cashmere-light\/"},"modified":"2026-04-28T18:23:11","modified_gmt":"2026-04-28T16:23:11","slug":"schnuerboot-cashmere-light","status":"publish","type":"product","link":"https:\/\/www.salzburgerheimatwerk.at\/en\/produkt\/schnuerboot-cashmere-light\/","title":{"rendered":"Schn\u00fcrboot Cashmere light"},"content":{"rendered":"<p>Coller winterfester Schn\u00fcrboot von Dirndl&#038;Bua aus hochwertigem Rindsleder, fester Gummisohle, Lammfell, Schn\u00fcrung vorne und seitlichem Zipp.<\/p>\n","protected":false},"excerpt":{"rendered":"<p>Coller winterfester Schn\u00fcrboot von Dirndl&#038;Bua aus hochwertigem Rindsleder, fester Gummisohle, Lammfell, Schn\u00fcrung vorne und seitlichem&#8230;<\/p>\n","protected":false},"featured_media":343518,"template":"","meta":{"_acf_changed":false},"product_brand":[],"product_cat":[48,58,1220],"product_tag":[2080],"class_list":{"0":"post-299097","1":"product","2":"type-product","3":"status-publish","4":"has-post-thumbnail","6":"pricegroup-354","7":"pricegroup-202","8":"productgroup-355","9":"productgroup-204","10":"product_cat-damentracht","11":"product_cat-schuhe-taschen","12":"product_cat-sale","13":"product_tag-schnuerboots","14":"pa_farbe-beige","16":"first","17":"instock","18":"sale","19":"taxable","20":"shipping-taxable","21":"purchasable","22":"product-type-variable","23":"has-default-attributes"},"acf":[],"jetpack_sharing_enabled":true,"_links":{"self":[{"href":"https:\/\/www.salzburgerheimatwerk.at\/en\/wp-json\/wp\/v2\/product\/299097","targetHints":{"allow":["GET"]}}],"collection":[{"href":"https:\/\/www.salzburgerheimatwerk.at\/en\/wp-json\/wp\/v2\/product"}],"about":[{"href":"https:\/\/www.salzburgerheimatwerk.at\/en\/wp-json\/wp\/v2\/types\/product"}],"wp:featuredmedia":[{"embeddable":true,"href":"https:\/\/www.salzburgerheimatwerk.at\/en\/wp-json\/wp\/v2\/media\/343518"}],"wp:attachment":[{"href":"https:\/\/www.salzburgerheimatwerk.at\/en\/wp-json\/wp\/v2\/media?parent=299097"}],"wp:term":[{"taxonomy":"product_brand","embeddable":true,"href":"https:\/\/www.salzburgerheimatwerk.at\/en\/wp-json\/wp\/v2\/product_brand?post=299097"},{"taxonomy":"product_cat","embeddable":true,"href":"https:\/\/www.salzburgerheimatwerk.at\/en\/wp-json\/wp\/v2\/product_cat?post=299097"},{"taxonomy":"product_tag","embeddable":true,"href":"https:\/\/www.salzburgerheimatwerk.at\/en\/wp-json\/wp\/v2\/product_tag?post=299097"}],"curies":[{"name":"wp","href":"https:\/\/api.w.org\/{rel}","templated":true}]}}