{"id":299829,"date":"2023-10-21T08:16:40","date_gmt":"2023-10-21T06:16:40","guid":{"rendered":"https:\/\/www.salzburgerheimatwerk.at\/produkt\/damenweste-fischgrad\/"},"modified":"2026-04-28T18:23:10","modified_gmt":"2026-04-28T16:23:10","slug":"damenweste-fischgrad","status":"publish","type":"product","link":"https:\/\/www.salzburgerheimatwerk.at\/en\/produkt\/damenweste-fischgrad\/","title":{"rendered":"Damenweste Fischgrad"},"content":{"rendered":"<p>Die Weste Veronika wurde aus einer Mischung aus Baumwolle und Schurwolle gefertigt.  Der blaue Fischgrat ist mit seinem mel\u00e9 Garn sehr gut kombinierbar. Die schmalen Passepoiltaschen erg\u00e4nzen die elegante Erscheinung und somit k\u00f6nnen Sie diese Weste perfekt kombinieren und Sie sind immer gut gekleidet!<\/p>\n","protected":false},"excerpt":{"rendered":"<p>Die Weste Veronika wurde aus einer Mischung aus Baumwolle und Schurwolle gefertigt.  Der blaue Fischgrat ist mit seinem mel\u00e9 Garn sehr gut kombinierbar&#8230;.<\/p>\n","protected":false},"featured_media":325461,"template":"","meta":{"_acf_changed":false},"product_brand":[],"product_cat":[48,1049],"product_tag":[1880],"class_list":{"0":"post-299829","1":"product","2":"type-product","3":"status-publish","4":"has-post-thumbnail","6":"pricegroup-1047","7":"pricegroup-202","8":"productgroup-1048","9":"productgroup-204","10":"product_cat-damentracht","11":"product_cat-westen-damentracht","12":"product_tag-damenweste","13":"pa_farbe-blau","15":"first","16":"instock","17":"taxable","18":"shipping-taxable","19":"purchasable","20":"product-type-variable","21":"has-default-attributes"},"acf":[],"jetpack_sharing_enabled":true,"_links":{"self":[{"href":"https:\/\/www.salzburgerheimatwerk.at\/en\/wp-json\/wp\/v2\/product\/299829","targetHints":{"allow":["GET"]}}],"collection":[{"href":"https:\/\/www.salzburgerheimatwerk.at\/en\/wp-json\/wp\/v2\/product"}],"about":[{"href":"https:\/\/www.salzburgerheimatwerk.at\/en\/wp-json\/wp\/v2\/types\/product"}],"wp:featuredmedia":[{"embeddable":true,"href":"https:\/\/www.salzburgerheimatwerk.at\/en\/wp-json\/wp\/v2\/media\/325461"}],"wp:attachment":[{"href":"https:\/\/www.salzburgerheimatwerk.at\/en\/wp-json\/wp\/v2\/media?parent=299829"}],"wp:term":[{"taxonomy":"product_brand","embeddable":true,"href":"https:\/\/www.salzburgerheimatwerk.at\/en\/wp-json\/wp\/v2\/product_brand?post=299829"},{"taxonomy":"product_cat","embeddable":true,"href":"https:\/\/www.salzburgerheimatwerk.at\/en\/wp-json\/wp\/v2\/product_cat?post=299829"},{"taxonomy":"product_tag","embeddable":true,"href":"https:\/\/www.salzburgerheimatwerk.at\/en\/wp-json\/wp\/v2\/product_tag?post=299829"}],"curies":[{"name":"wp","href":"https:\/\/api.w.org\/{rel}","templated":true}]}}