{"id":299956,"date":"2023-10-21T08:20:09","date_gmt":"2023-10-21T06:20:09","guid":{"rendered":"https:\/\/www.salzburgerheimatwerk.at\/produkt\/strickgehrock-hellblau-beige\/"},"modified":"2026-04-28T18:25:09","modified_gmt":"2026-04-28T16:25:09","slug":"strickgehrock-hellblau-beige","status":"publish","type":"product","link":"https:\/\/www.salzburgerheimatwerk.at\/en\/produkt\/strickgehrock-hellblau-beige\/","title":{"rendered":"Strickgehrock hellblau\/beige"},"content":{"rendered":"<p>Gehrock von Mirabell Salzburg aus reiner Schurwolle in mel\u00e9 hellblau mit mel\u00e9 braun eingefasst. Der Stehkragen schmiegt sich perfekt an den Hals an, aufgesetzte Taschen mit mel\u00e9 brauner Kante. Silberne Metallkn\u00f6pfe, Lederpatches in hellblau am \u00c4rmel mit feinem Lochmuster verziert &#8211; R\u00fcckenl\u00e4nge ca. 60cm<br \/>\nperfekt zu Hosen oder schmalen R\u00f6cken<\/p>\n","protected":false},"excerpt":{"rendered":"<p>Gehrock von Mirabell Salzburg aus reiner Schurwolle in mel\u00e9 hellblau mit mel\u00e9 braun eingefasst. Der Stehkragen schmiegt sich perfekt an den Hals an, aufgesetzte&#8230;<\/p>\n","protected":false},"featured_media":325514,"template":"","meta":{"_acf_changed":false},"product_brand":[],"product_cat":[48,53,304],"product_tag":[2089],"class_list":{"0":"post-299956","1":"product","2":"type-product","3":"status-publish","4":"has-post-thumbnail","6":"pricegroup-232","7":"pricegroup-202","8":"productgroup-233","9":"productgroup-204","10":"product_cat-damentracht","11":"product_cat-strick-walk","12":"product_cat-jacken-maentel-damentracht","13":"product_tag-strickgehrock","14":"pa_farbe-mehrfarbig","15":"pa_farbe-beige","16":"pa_farbe-blau","18":"first","19":"instock","20":"taxable","21":"shipping-taxable","22":"purchasable","23":"product-type-variable","24":"has-default-attributes"},"acf":[],"jetpack_sharing_enabled":true,"_links":{"self":[{"href":"https:\/\/www.salzburgerheimatwerk.at\/en\/wp-json\/wp\/v2\/product\/299956","targetHints":{"allow":["GET"]}}],"collection":[{"href":"https:\/\/www.salzburgerheimatwerk.at\/en\/wp-json\/wp\/v2\/product"}],"about":[{"href":"https:\/\/www.salzburgerheimatwerk.at\/en\/wp-json\/wp\/v2\/types\/product"}],"wp:featuredmedia":[{"embeddable":true,"href":"https:\/\/www.salzburgerheimatwerk.at\/en\/wp-json\/wp\/v2\/media\/325514"}],"wp:attachment":[{"href":"https:\/\/www.salzburgerheimatwerk.at\/en\/wp-json\/wp\/v2\/media?parent=299956"}],"wp:term":[{"taxonomy":"product_brand","embeddable":true,"href":"https:\/\/www.salzburgerheimatwerk.at\/en\/wp-json\/wp\/v2\/product_brand?post=299956"},{"taxonomy":"product_cat","embeddable":true,"href":"https:\/\/www.salzburgerheimatwerk.at\/en\/wp-json\/wp\/v2\/product_cat?post=299956"},{"taxonomy":"product_tag","embeddable":true,"href":"https:\/\/www.salzburgerheimatwerk.at\/en\/wp-json\/wp\/v2\/product_tag?post=299956"}],"curies":[{"name":"wp","href":"https:\/\/api.w.org\/{rel}","templated":true}]}}