{"id":300064,"date":"2023-10-22T08:18:29","date_gmt":"2023-10-22T06:18:29","guid":{"rendered":"https:\/\/www.salzburgerheimatwerk.at\/produkt\/overknee-in-ziegenleder\/"},"modified":"2026-04-28T18:23:10","modified_gmt":"2026-04-28T16:23:10","slug":"overknee-in-ziegenleder","status":"publish","type":"product","link":"https:\/\/www.salzburgerheimatwerk.at\/en\/produkt\/overknee-in-ziegenleder\/","title":{"rendered":"Overknee in Ziegenleder"},"content":{"rendered":"<p>Wundersch\u00f6ner Lederstiefel im Overknee Stil aus altschwarz Ziegenvelour Leder und rutschfester Gummisohle. Dieser Stiefel ist der perfekte Begleiter f\u00fcr die kalte Jahreszeit und passt hervorragend zu Kleidern, R\u00f6cken oder Dirndl. Durch den Stretchanteil h\u00e4lt er auch sehr gut an der Wade.<\/p>\n","protected":false},"excerpt":{"rendered":"<p>Wundersch\u00f6ner Lederstiefel im Overknee Stil aus altschwarz Ziegenvelour Leder und rutschfester Gummisohle. Dieser Stiefel ist der perfekte Begleiter f\u00fcr die kalte Jahreszeit und passt&#8230;<\/p>\n","protected":false},"featured_media":343480,"template":"","meta":{"_acf_changed":false},"product_brand":[],"product_cat":[48,58],"product_tag":[382,383,384],"class_list":{"0":"post-300064","1":"product","2":"type-product","3":"status-publish","4":"has-post-thumbnail","6":"pricegroup-202","7":"pricegroup-354","8":"productgroup-204","9":"productgroup-355","10":"product_cat-damentracht","11":"product_cat-schuhe-taschen","12":"product_tag-schoener-stiefel-mit-gepflochtenem-detail","13":"product_tag-ungefuetert","14":"product_tag-stiefel","15":"pa_farbe-braun","17":"first","18":"instock","19":"taxable","20":"shipping-taxable","21":"purchasable","22":"product-type-variable","23":"has-default-attributes"},"acf":[],"jetpack_sharing_enabled":true,"_links":{"self":[{"href":"https:\/\/www.salzburgerheimatwerk.at\/en\/wp-json\/wp\/v2\/product\/300064","targetHints":{"allow":["GET"]}}],"collection":[{"href":"https:\/\/www.salzburgerheimatwerk.at\/en\/wp-json\/wp\/v2\/product"}],"about":[{"href":"https:\/\/www.salzburgerheimatwerk.at\/en\/wp-json\/wp\/v2\/types\/product"}],"wp:featuredmedia":[{"embeddable":true,"href":"https:\/\/www.salzburgerheimatwerk.at\/en\/wp-json\/wp\/v2\/media\/343480"}],"wp:attachment":[{"href":"https:\/\/www.salzburgerheimatwerk.at\/en\/wp-json\/wp\/v2\/media?parent=300064"}],"wp:term":[{"taxonomy":"product_brand","embeddable":true,"href":"https:\/\/www.salzburgerheimatwerk.at\/en\/wp-json\/wp\/v2\/product_brand?post=300064"},{"taxonomy":"product_cat","embeddable":true,"href":"https:\/\/www.salzburgerheimatwerk.at\/en\/wp-json\/wp\/v2\/product_cat?post=300064"},{"taxonomy":"product_tag","embeddable":true,"href":"https:\/\/www.salzburgerheimatwerk.at\/en\/wp-json\/wp\/v2\/product_tag?post=300064"}],"curies":[{"name":"wp","href":"https:\/\/api.w.org\/{rel}","templated":true}]}}