{"id":300552,"date":"2023-11-21T07:16:07","date_gmt":"2023-11-21T06:16:07","guid":{"rendered":"https:\/\/www.salzburgerheimatwerk.at\/produkt\/reine-wolle-mehrfaerbig-karo\/"},"modified":"2026-04-28T18:22:57","modified_gmt":"2026-04-28T16:22:57","slug":"reine-wolle-mehrfaerbig-karo","status":"publish","type":"product","link":"https:\/\/www.salzburgerheimatwerk.at\/en\/produkt\/reine-wolle-mehrfaerbig-karo\/","title":{"rendered":"Reine Wolle mehrf\u00e4rbig Karo"},"content":{"rendered":"<p>Knitterfreier Wollstoff aus reiner Schurwolle. Durch das Verweben verschiedenf\u00e4rbiger Garne entstehen wundersch\u00f6ne Karomuster.<br \/>\nEignung<br \/>\nIdeal f\u00fcr Dirndloberteile, R\u00f6cke und Jacken.<\/p>\n","protected":false},"excerpt":{"rendered":"<p>Knitterfreier Wollstoff aus reiner Schurwolle. Durch das Verweben verschiedenf\u00e4rbiger Garne entstehen wundersch\u00f6ne Karomuster. Eignung Ideal f\u00fcr Dirndloberteile, R\u00f6cke und&#8230;<\/p>\n","protected":false},"featured_media":302580,"template":"","meta":{"_acf_changed":false},"product_brand":[],"product_cat":[192,37],"product_tag":[2106],"class_list":{"0":"post-300552","1":"product","2":"type-product","3":"status-publish","4":"has-post-thumbnail","6":"pricegroup-165","7":"pricegroup-406","8":"productgroup-173","9":"productgroup-407","10":"product_cat-trachtenstoffe","11":"product_cat-stoffe","12":"product_tag-wv-gruen-grau-rot-karo","13":"pa_farbe-rot","14":"pa_farbe-mehrfarbig","15":"pa_farbe-grau","16":"pa_farbe-blau","17":"pa_farbe-gruen","18":"pa_stoffbreite-140-cm","19":"pa_zertifizierung-oeko-tex","21":"first","22":"instock","23":"taxable","24":"shipping-taxable","25":"purchasable","26":"product-type-simple"},"acf":[],"jetpack_sharing_enabled":true,"_links":{"self":[{"href":"https:\/\/www.salzburgerheimatwerk.at\/en\/wp-json\/wp\/v2\/product\/300552","targetHints":{"allow":["GET"]}}],"collection":[{"href":"https:\/\/www.salzburgerheimatwerk.at\/en\/wp-json\/wp\/v2\/product"}],"about":[{"href":"https:\/\/www.salzburgerheimatwerk.at\/en\/wp-json\/wp\/v2\/types\/product"}],"wp:featuredmedia":[{"embeddable":true,"href":"https:\/\/www.salzburgerheimatwerk.at\/en\/wp-json\/wp\/v2\/media\/302580"}],"wp:attachment":[{"href":"https:\/\/www.salzburgerheimatwerk.at\/en\/wp-json\/wp\/v2\/media?parent=300552"}],"wp:term":[{"taxonomy":"product_brand","embeddable":true,"href":"https:\/\/www.salzburgerheimatwerk.at\/en\/wp-json\/wp\/v2\/product_brand?post=300552"},{"taxonomy":"product_cat","embeddable":true,"href":"https:\/\/www.salzburgerheimatwerk.at\/en\/wp-json\/wp\/v2\/product_cat?post=300552"},{"taxonomy":"product_tag","embeddable":true,"href":"https:\/\/www.salzburgerheimatwerk.at\/en\/wp-json\/wp\/v2\/product_tag?post=300552"}],"curies":[{"name":"wp","href":"https:\/\/api.w.org\/{rel}","templated":true}]}}