{"id":300883,"date":"2023-12-07T07:16:02","date_gmt":"2023-12-07T06:16:02","guid":{"rendered":"https:\/\/www.salzburgerheimatwerk.at\/produkt\/wickellederrock\/"},"modified":"2026-04-28T20:23:09","modified_gmt":"2026-04-28T18:23:09","slug":"wickellederrock","status":"publish","type":"product","link":"https:\/\/www.salzburgerheimatwerk.at\/en\/produkt\/wickellederrock\/","title":{"rendered":"Wickellederrock"},"content":{"rendered":"<p>Traumhaft sch\u00f6ner Leder Wickelrock aus Ziegenvelours Leder in Antikbock. L\u00e4nge bei Gr. 38 betr\u00e4gt 54cm. Herrliches Tragegef\u00fchl durch weiches Leder und Innenfutter. Der Rock passt sich der Figur perfekt an und ist ein idealer Begleiter f\u00fcr jeden Anlass.<\/p>\n","protected":false},"excerpt":{"rendered":"<p>Traumhaft sch\u00f6ner Leder Wickelrock aus Ziegenvelours Leder in Antikbock. L\u00e4nge bei Gr. 38 betr\u00e4gt 54cm. Herrliches Tragegef\u00fchl durch weiches Leder und Innenfutter. Der Rock&#8230;<\/p>\n","protected":false},"featured_media":325448,"template":"","meta":{"_acf_changed":false},"product_brand":[],"product_cat":[48,50],"product_tag":[2111],"class_list":{"0":"post-300883","1":"product","2":"type-product","3":"status-publish","4":"has-post-thumbnail","6":"pricegroup-202","7":"pricegroup-1630","8":"productgroup-1631","9":"productgroup-204","10":"product_cat-damentracht","11":"product_cat-roecke-hosen","12":"product_tag-wickellederrock","13":"pa_farbe-braun","15":"first","16":"instock","17":"taxable","18":"shipping-taxable","19":"purchasable","20":"product-type-variable","21":"has-default-attributes"},"acf":[],"jetpack_sharing_enabled":true,"_links":{"self":[{"href":"https:\/\/www.salzburgerheimatwerk.at\/en\/wp-json\/wp\/v2\/product\/300883","targetHints":{"allow":["GET"]}}],"collection":[{"href":"https:\/\/www.salzburgerheimatwerk.at\/en\/wp-json\/wp\/v2\/product"}],"about":[{"href":"https:\/\/www.salzburgerheimatwerk.at\/en\/wp-json\/wp\/v2\/types\/product"}],"wp:featuredmedia":[{"embeddable":true,"href":"https:\/\/www.salzburgerheimatwerk.at\/en\/wp-json\/wp\/v2\/media\/325448"}],"wp:attachment":[{"href":"https:\/\/www.salzburgerheimatwerk.at\/en\/wp-json\/wp\/v2\/media?parent=300883"}],"wp:term":[{"taxonomy":"product_brand","embeddable":true,"href":"https:\/\/www.salzburgerheimatwerk.at\/en\/wp-json\/wp\/v2\/product_brand?post=300883"},{"taxonomy":"product_cat","embeddable":true,"href":"https:\/\/www.salzburgerheimatwerk.at\/en\/wp-json\/wp\/v2\/product_cat?post=300883"},{"taxonomy":"product_tag","embeddable":true,"href":"https:\/\/www.salzburgerheimatwerk.at\/en\/wp-json\/wp\/v2\/product_tag?post=300883"}],"curies":[{"name":"wp","href":"https:\/\/api.w.org\/{rel}","templated":true}]}}