{"id":301175,"date":"2023-12-24T07:16:02","date_gmt":"2023-12-24T06:16:02","guid":{"rendered":"https:\/\/www.salzburgerheimatwerk.at\/produkt\/herrenschuh-mit-lammfell-gefuettert\/"},"modified":"2026-04-28T18:25:10","modified_gmt":"2026-04-28T16:25:10","slug":"herrenschuh-mit-lammfell-gefuettert","status":"publish","type":"product","link":"https:\/\/www.salzburgerheimatwerk.at\/en\/produkt\/herrenschuh-mit-lammfell-gefuettert\/","title":{"rendered":"Herrenschuh mit Lammfell gef\u00fcttert"},"content":{"rendered":"<p>Wundersch\u00f6ner Herrenschuh von Dirndl und Bua in Antrazit mit Lammfell gef\u00fcttert. Perfekte Passform, Qualit\u00e4t die man sp\u00fcrt. Hoher Tragekomfort durch die leichte Profilsohle.<\/p>\n","protected":false},"excerpt":{"rendered":"<p>Wundersch\u00f6ner Herrenschuh von Dirndl und Bua in Antrazit mit Lammfell gef\u00fcttert. Perfekte Passform, Qualit\u00e4t die man sp\u00fcrt. Hoher Tragekomfort durch die leichte&#8230;<\/p>\n","protected":false},"featured_media":343529,"template":"","meta":{"_acf_changed":false},"product_brand":[],"product_cat":[59,66],"product_tag":[1267],"class_list":{"0":"post-301175","1":"product","2":"type-product","3":"status-publish","4":"has-post-thumbnail","6":"pricegroup-621","7":"pricegroup-166","8":"productgroup-622","9":"productgroup-174","10":"product_cat-herrentracht","11":"product_cat-schuhe-stutzen","12":"product_tag-herrenschuh","13":"pa_farbe-grau","15":"first","16":"instock","17":"taxable","18":"shipping-taxable","19":"purchasable","20":"product-type-variable","21":"has-default-attributes"},"acf":[],"jetpack_sharing_enabled":true,"_links":{"self":[{"href":"https:\/\/www.salzburgerheimatwerk.at\/en\/wp-json\/wp\/v2\/product\/301175","targetHints":{"allow":["GET"]}}],"collection":[{"href":"https:\/\/www.salzburgerheimatwerk.at\/en\/wp-json\/wp\/v2\/product"}],"about":[{"href":"https:\/\/www.salzburgerheimatwerk.at\/en\/wp-json\/wp\/v2\/types\/product"}],"wp:featuredmedia":[{"embeddable":true,"href":"https:\/\/www.salzburgerheimatwerk.at\/en\/wp-json\/wp\/v2\/media\/343529"}],"wp:attachment":[{"href":"https:\/\/www.salzburgerheimatwerk.at\/en\/wp-json\/wp\/v2\/media?parent=301175"}],"wp:term":[{"taxonomy":"product_brand","embeddable":true,"href":"https:\/\/www.salzburgerheimatwerk.at\/en\/wp-json\/wp\/v2\/product_brand?post=301175"},{"taxonomy":"product_cat","embeddable":true,"href":"https:\/\/www.salzburgerheimatwerk.at\/en\/wp-json\/wp\/v2\/product_cat?post=301175"},{"taxonomy":"product_tag","embeddable":true,"href":"https:\/\/www.salzburgerheimatwerk.at\/en\/wp-json\/wp\/v2\/product_tag?post=301175"}],"curies":[{"name":"wp","href":"https:\/\/api.w.org\/{rel}","templated":true}]}}