{"id":301910,"date":"2024-01-18T07:16:13","date_gmt":"2024-01-18T06:16:13","guid":{"rendered":"https:\/\/www.salzburgerheimatwerk.at\/produkt\/herrenjacke-aus-schurwolle\/"},"modified":"2026-04-28T18:25:09","modified_gmt":"2026-04-28T16:25:09","slug":"herrenjacke-aus-schurwolle","status":"publish","type":"product","link":"https:\/\/www.salzburgerheimatwerk.at\/en\/produkt\/herrenjacke-aus-schurwolle\/","title":{"rendered":"Herrenjacke aus Schurwolle"},"content":{"rendered":"<p>Diese Jacke ist der perfekte Begleiter f\u00fcr Land und Stadt. Egal ob mit der Lederhose, der feinen Tuchhose oder in der l\u00e4ssigen Jeans, mit diesem Modell bist Du immer passend angezogen.Die Weichheit und Leichtigkeit kommt auch dadurch, dass diese Jacke aus Schurwolle gefertigt wurde und teilunterf\u00fcttert ist. Zwei Innentaschen bieten perfekte Einschubm\u00f6glichkeiten. R\u00fcckw\u00e4rtiger Schlitz.<\/p>\n","protected":false},"excerpt":{"rendered":"<p>Diese Jacke ist der perfekte Begleiter f\u00fcr Land und Stadt. Egal ob mit der Lederhose, der feinen Tuchhose oder in der l\u00e4ssigen Jeans, mit&#8230;<\/p>\n","protected":false},"featured_media":343521,"template":"","meta":{"_acf_changed":false},"product_brand":[],"product_cat":[59,61,1222],"product_tag":[853],"class_list":{"0":"post-301910","1":"product","2":"type-product","3":"status-publish","4":"has-post-thumbnail","6":"pricegroup-166","7":"pricegroup-850","8":"productgroup-174","9":"productgroup-851","10":"product_cat-herrentracht","11":"product_cat-jacken-maentel","12":"product_cat-sakko","13":"product_tag-herrenjacke","14":"pa_farbe-braun","16":"first","17":"instock","18":"taxable","19":"shipping-taxable","20":"purchasable","21":"product-type-variable","22":"has-default-attributes"},"acf":[],"jetpack_sharing_enabled":true,"_links":{"self":[{"href":"https:\/\/www.salzburgerheimatwerk.at\/en\/wp-json\/wp\/v2\/product\/301910","targetHints":{"allow":["GET"]}}],"collection":[{"href":"https:\/\/www.salzburgerheimatwerk.at\/en\/wp-json\/wp\/v2\/product"}],"about":[{"href":"https:\/\/www.salzburgerheimatwerk.at\/en\/wp-json\/wp\/v2\/types\/product"}],"wp:featuredmedia":[{"embeddable":true,"href":"https:\/\/www.salzburgerheimatwerk.at\/en\/wp-json\/wp\/v2\/media\/343521"}],"wp:attachment":[{"href":"https:\/\/www.salzburgerheimatwerk.at\/en\/wp-json\/wp\/v2\/media?parent=301910"}],"wp:term":[{"taxonomy":"product_brand","embeddable":true,"href":"https:\/\/www.salzburgerheimatwerk.at\/en\/wp-json\/wp\/v2\/product_brand?post=301910"},{"taxonomy":"product_cat","embeddable":true,"href":"https:\/\/www.salzburgerheimatwerk.at\/en\/wp-json\/wp\/v2\/product_cat?post=301910"},{"taxonomy":"product_tag","embeddable":true,"href":"https:\/\/www.salzburgerheimatwerk.at\/en\/wp-json\/wp\/v2\/product_tag?post=301910"}],"curies":[{"name":"wp","href":"https:\/\/api.w.org\/{rel}","templated":true}]}}