{"id":302093,"date":"2024-01-20T07:18:22","date_gmt":"2024-01-20T06:18:22","guid":{"rendered":"https:\/\/www.salzburgerheimatwerk.at\/produkt\/jeansdirndl-mit-bettzeugschuerze\/"},"modified":"2024-12-23T07:20:36","modified_gmt":"2024-12-23T06:20:36","slug":"jeansdirndl-mit-bettzeugschuerze","status":"publish","type":"product","link":"https:\/\/www.salzburgerheimatwerk.at\/en\/produkt\/jeansdirndl-mit-bettzeugschuerze\/","title":{"rendered":"Heimatwerk Jeansdirndl mit Bettzeugsch\u00fcrze"},"content":{"rendered":"<p>Ein Dirndl mit Jeansoberteil pr\u00e4sentiert sich hier in einem Mix aus Tradition und Moderne. Der Jeansstoff wird im M\u00fchlviertel gefertigt und ist im Miederschnitt verarbeitet als Oberteil. Die Perlmuttkn\u00f6pfe machen das Oberteil mit B\u00e4umchenstich zu einem richtigen Hingucker. Die Knopfl\u00f6cher sind selbstverst\u00e4ndlich von Hand gen\u00e4ht in unserer Schneiderei. Ein roter Baumwollrock wurde im schwingenden 6-Bahnen Schnitt gen\u00e4ht. Die rot-wei\u00dfe Bettzeugleinen-Sch\u00fcrze komplettiert das Outfit und macht es zu einem edlen Hingucker. Das Dirndl ist in einer modischen 70er L\u00e4nge gefertigt.<\/p>\n","protected":false},"excerpt":{"rendered":"<p>Ein Dirndl mit Jeansoberteil pr\u00e4sentiert sich hier in einem Mix aus Tradition und Moderne. Der Jeansstoff wird im M\u00fchlviertel gefertigt und ist im Miederschnitt&#8230;<\/p>\n","protected":false},"featured_media":329360,"template":"","meta":{"_acf_changed":false},"product_brand":[],"product_cat":[48,49],"product_tag":[2124],"class_list":{"0":"post-302093","1":"product","2":"type-product","3":"status-publish","4":"has-post-thumbnail","6":"pricegroup-202","7":"pricegroup-312","8":"productgroup-313","9":"productgroup-204","10":"product_cat-damentracht","11":"product_cat-dirndl-kleider","12":"product_tag-dirndl-denim-rot","13":"pa_farbe-mehrfarbig","14":"pa_farbe-blau","15":"pa_farbe-rot","17":"first","18":"instock","19":"taxable","20":"shipping-taxable","21":"purchasable","22":"product-type-simple"},"acf":[],"jetpack_sharing_enabled":true,"_links":{"self":[{"href":"https:\/\/www.salzburgerheimatwerk.at\/en\/wp-json\/wp\/v2\/product\/302093","targetHints":{"allow":["GET"]}}],"collection":[{"href":"https:\/\/www.salzburgerheimatwerk.at\/en\/wp-json\/wp\/v2\/product"}],"about":[{"href":"https:\/\/www.salzburgerheimatwerk.at\/en\/wp-json\/wp\/v2\/types\/product"}],"wp:featuredmedia":[{"embeddable":true,"href":"https:\/\/www.salzburgerheimatwerk.at\/en\/wp-json\/wp\/v2\/media\/329360"}],"wp:attachment":[{"href":"https:\/\/www.salzburgerheimatwerk.at\/en\/wp-json\/wp\/v2\/media?parent=302093"}],"wp:term":[{"taxonomy":"product_brand","embeddable":true,"href":"https:\/\/www.salzburgerheimatwerk.at\/en\/wp-json\/wp\/v2\/product_brand?post=302093"},{"taxonomy":"product_cat","embeddable":true,"href":"https:\/\/www.salzburgerheimatwerk.at\/en\/wp-json\/wp\/v2\/product_cat?post=302093"},{"taxonomy":"product_tag","embeddable":true,"href":"https:\/\/www.salzburgerheimatwerk.at\/en\/wp-json\/wp\/v2\/product_tag?post=302093"}],"curies":[{"name":"wp","href":"https:\/\/api.w.org\/{rel}","templated":true}]}}