{"id":302520,"date":"2024-01-28T07:16:58","date_gmt":"2024-01-28T06:16:58","guid":{"rendered":"https:\/\/www.salzburgerheimatwerk.at\/produkt\/bio-baumwollsatin-mehrfaerbig-modeldruck-2\/"},"modified":"2026-04-28T18:20:50","modified_gmt":"2026-04-28T16:20:50","slug":"bio-baumwollsatin-mehrfaerbig-modeldruck-2","status":"publish","type":"product","link":"https:\/\/www.salzburgerheimatwerk.at\/en\/produkt\/bio-baumwollsatin-mehrfaerbig-modeldruck-2\/","title":{"rendered":"Bio-Baumwollsatin mehrf\u00e4rbig Modeldruck"},"content":{"rendered":"<p>Dieser Bio-Baumwollstoff ist mit dem Global Organic Textile Standard (GOTS) Siegel &#8211; dem weltweit f\u00fchrenden Qualit\u00e4tslabel f\u00fcr Textilien aus biologisch erzeugten Naturfasern \u2013 ausgezeichnet und erf\u00fcllt somit strenge umwelttechnische Anforderungen und Sozialkriterien.<\/p>\n<p>Der Baumwollstoff wird aus den Fasern der Baumwollpflanze gewonnen, hat einen k\u00fchlen, \u201ewolligen\u201c Griff und f\u00e4llt angenehm weich. Er wird in \u00d6sterreich eingef\u00e4rbt und mit traditionellen Modelmustern im Direktdruckverfahren veredelt.<\/p>\n<p>Eigenschaften<br \/>\n&#8211; weich und hautfreundlich<br \/>\n&#8211; feuchtigkeitsregulierend<br \/>\n&#8211; rei\u00dffest und strapazierf\u00e4hig<\/p>\n<p>Eignung<br \/>\nIdeal f\u00fcrs Dirndl (Oberteile, R\u00f6cke, Sch\u00fcrzen), R\u00f6cke und Kleider.<\/p>\n","protected":false},"excerpt":{"rendered":"<p>Dieser Bio-Baumwollstoff ist mit dem Global Organic Textile Standard (GOTS) Siegel &#8211; dem weltweit f\u00fchrenden Qualit\u00e4tslabel f\u00fcr Textilien aus biologisch erzeugten Naturfasern \u2013 ausgezeichnet&#8230;<\/p>\n","protected":false},"featured_media":302564,"template":"","meta":{"_acf_changed":false},"product_brand":[],"product_cat":[37,192],"product_tag":[2144],"class_list":{"0":"post-302520","1":"product","2":"type-product","3":"status-publish","4":"has-post-thumbnail","6":"pricegroup-428","7":"pricegroup-165","8":"productgroup-429","9":"productgroup-173","10":"product_cat-stoffe","11":"product_cat-trachtenstoffe","12":"product_tag-bio-bw-satin-gelb-orange-gruen-blumengarten","13":"pa_farbe-gruen","14":"pa_farbe-orange","15":"pa_farbe-gelb","16":"pa_farbe-mehrfarbig","17":"pa_stoffbreite-150-cm","18":"pa_zertifizierung-gots","20":"first","21":"instock","22":"taxable","23":"shipping-taxable","24":"purchasable","25":"product-type-simple"},"acf":[],"jetpack_sharing_enabled":true,"_links":{"self":[{"href":"https:\/\/www.salzburgerheimatwerk.at\/en\/wp-json\/wp\/v2\/product\/302520","targetHints":{"allow":["GET"]}}],"collection":[{"href":"https:\/\/www.salzburgerheimatwerk.at\/en\/wp-json\/wp\/v2\/product"}],"about":[{"href":"https:\/\/www.salzburgerheimatwerk.at\/en\/wp-json\/wp\/v2\/types\/product"}],"wp:featuredmedia":[{"embeddable":true,"href":"https:\/\/www.salzburgerheimatwerk.at\/en\/wp-json\/wp\/v2\/media\/302564"}],"wp:attachment":[{"href":"https:\/\/www.salzburgerheimatwerk.at\/en\/wp-json\/wp\/v2\/media?parent=302520"}],"wp:term":[{"taxonomy":"product_brand","embeddable":true,"href":"https:\/\/www.salzburgerheimatwerk.at\/en\/wp-json\/wp\/v2\/product_brand?post=302520"},{"taxonomy":"product_cat","embeddable":true,"href":"https:\/\/www.salzburgerheimatwerk.at\/en\/wp-json\/wp\/v2\/product_cat?post=302520"},{"taxonomy":"product_tag","embeddable":true,"href":"https:\/\/www.salzburgerheimatwerk.at\/en\/wp-json\/wp\/v2\/product_tag?post=302520"}],"curies":[{"name":"wp","href":"https:\/\/api.w.org\/{rel}","templated":true}]}}