{"id":302888,"date":"2024-02-07T07:20:34","date_gmt":"2024-02-07T06:20:34","guid":{"rendered":"https:\/\/www.salzburgerheimatwerk.at\/produkt\/damenstrickjacke-mit-schoesserl-2\/"},"modified":"2026-04-28T18:25:11","modified_gmt":"2026-04-28T16:25:11","slug":"damenstrickjacke-mit-schoesserl-2","status":"publish","type":"product","link":"https:\/\/www.salzburgerheimatwerk.at\/en\/produkt\/damenstrickjacke-mit-schoesserl-2\/","title":{"rendered":"Damenstrickjacke mit Sch\u00f6\u00dferl"},"content":{"rendered":"<p>Entz\u00fcckende Dirndl Strickjacke in rot. Die Strickjacke wurde h\u00e4ndisch im dazu passendem dunkelblau umh\u00e4kelt.<\/p>\n<p>100 % Merinowolle<br \/>\nRunder Halsausschnitt<br \/>\n2 Taschen an der Vorderseite<br \/>\nHandgearbeitete Einfasssungen an Voderkante, Taschen und Halsausschnitt<br \/>\nSch\u00f6\u00dfchen am R\u00fccken<\/p>\n<p>48cm R\u00fcckenl\u00e4nge bei Gr. 34<\/p>\n","protected":false},"excerpt":{"rendered":"<p>Entz\u00fcckende Dirndl Strickjacke in rot. Die Strickjacke wurde h\u00e4ndisch im dazu passendem dunkelblau umh\u00e4kelt.  100 % Merinowolle Runder Halsausschnitt 2 Taschen an der&#8230;<\/p>\n","protected":false},"featured_media":325591,"template":"","meta":{"_acf_changed":false},"product_brand":[],"product_cat":[48,53,304],"product_tag":[2152],"class_list":{"0":"post-302888","1":"product","2":"type-product","3":"status-publish","4":"has-post-thumbnail","6":"pricegroup-232","7":"pricegroup-202","8":"productgroup-233","9":"productgroup-204","10":"product_cat-damentracht","11":"product_cat-strick-walk","12":"product_cat-jacken-maentel-damentracht","13":"product_tag-damenstrickjacke","14":"pa_farbe-mehrfarbig","15":"pa_farbe-rot","16":"pa_farbe-blau","18":"first","19":"instock","20":"taxable","21":"shipping-taxable","22":"purchasable","23":"product-type-variable","24":"has-default-attributes"},"acf":[],"jetpack_sharing_enabled":true,"_links":{"self":[{"href":"https:\/\/www.salzburgerheimatwerk.at\/en\/wp-json\/wp\/v2\/product\/302888","targetHints":{"allow":["GET"]}}],"collection":[{"href":"https:\/\/www.salzburgerheimatwerk.at\/en\/wp-json\/wp\/v2\/product"}],"about":[{"href":"https:\/\/www.salzburgerheimatwerk.at\/en\/wp-json\/wp\/v2\/types\/product"}],"wp:featuredmedia":[{"embeddable":true,"href":"https:\/\/www.salzburgerheimatwerk.at\/en\/wp-json\/wp\/v2\/media\/325591"}],"wp:attachment":[{"href":"https:\/\/www.salzburgerheimatwerk.at\/en\/wp-json\/wp\/v2\/media?parent=302888"}],"wp:term":[{"taxonomy":"product_brand","embeddable":true,"href":"https:\/\/www.salzburgerheimatwerk.at\/en\/wp-json\/wp\/v2\/product_brand?post=302888"},{"taxonomy":"product_cat","embeddable":true,"href":"https:\/\/www.salzburgerheimatwerk.at\/en\/wp-json\/wp\/v2\/product_cat?post=302888"},{"taxonomy":"product_tag","embeddable":true,"href":"https:\/\/www.salzburgerheimatwerk.at\/en\/wp-json\/wp\/v2\/product_tag?post=302888"}],"curies":[{"name":"wp","href":"https:\/\/api.w.org\/{rel}","templated":true}]}}