{"id":302937,"date":"2024-02-07T07:22:10","date_gmt":"2024-02-07T06:22:10","guid":{"rendered":"https:\/\/www.salzburgerheimatwerk.at\/produkt\/baumwollstoff-mittelblau-tupf-3\/"},"modified":"2026-04-28T18:24:45","modified_gmt":"2026-04-28T16:24:45","slug":"baumwollstoff-mittelblau-tupf-3","status":"publish","type":"product","link":"https:\/\/www.salzburgerheimatwerk.at\/en\/produkt\/baumwollstoff-mittelblau-tupf-3\/","title":{"rendered":"Baumwollstoff mittelblau Tupf"},"content":{"rendered":"<p>Dieser Baumwollstoff wird aus den Fasern der Baumwollpflanze gewonnen, hat einen k\u00fchlen, \u201ewolligen\u201c Griff und f\u00e4llt angenehm weich. Er wird in \u00d6sterreich eingef\u00e4rbt und  im Direktdruckverfahren veredelt.<\/p>\n<p>Eigenschaften<br \/>\n&#8211; weich und hautfreundlich<br \/>\n&#8211; feuchtigkeitsregulierend<br \/>\n&#8211; rei\u00dffest und strapazierf\u00e4hig<\/p>\n<p>Eignung<br \/>\nIdeal f\u00fcrs Dirndl (Oberteile, R\u00f6cke, Sch\u00fcrzen), R\u00f6cke und Kleider.<\/p>\n","protected":false},"excerpt":{"rendered":"<p>Dieser Baumwollstoff wird aus den Fasern der Baumwollpflanze gewonnen, hat einen k\u00fchlen, \u201ewolligen\u201c Griff und f\u00e4llt angenehm weich. Er wird in \u00d6sterreich eingef\u00e4rbt und&#8230;<\/p>\n","protected":false},"featured_media":302938,"template":"","meta":{"_acf_changed":false},"product_brand":[],"product_cat":[37,192],"product_tag":[910],"class_list":{"0":"post-302937","1":"product","2":"type-product","3":"status-publish","4":"has-post-thumbnail","6":"pricegroup-428","7":"pricegroup-165","8":"productgroup-429","9":"productgroup-173","10":"product_cat-stoffe","11":"product_cat-trachtenstoffe","12":"product_tag-bw-mittelblau-tupf","13":"pa_farbe-blau","14":"pa_stoffbreite-150-cm","15":"pa_zertifizierung-oeko-tex","17":"first","18":"instock","19":"taxable","20":"shipping-taxable","21":"purchasable","22":"product-type-simple"},"acf":[],"jetpack_sharing_enabled":true,"_links":{"self":[{"href":"https:\/\/www.salzburgerheimatwerk.at\/en\/wp-json\/wp\/v2\/product\/302937","targetHints":{"allow":["GET"]}}],"collection":[{"href":"https:\/\/www.salzburgerheimatwerk.at\/en\/wp-json\/wp\/v2\/product"}],"about":[{"href":"https:\/\/www.salzburgerheimatwerk.at\/en\/wp-json\/wp\/v2\/types\/product"}],"wp:featuredmedia":[{"embeddable":true,"href":"https:\/\/www.salzburgerheimatwerk.at\/en\/wp-json\/wp\/v2\/media\/302938"}],"wp:attachment":[{"href":"https:\/\/www.salzburgerheimatwerk.at\/en\/wp-json\/wp\/v2\/media?parent=302937"}],"wp:term":[{"taxonomy":"product_brand","embeddable":true,"href":"https:\/\/www.salzburgerheimatwerk.at\/en\/wp-json\/wp\/v2\/product_brand?post=302937"},{"taxonomy":"product_cat","embeddable":true,"href":"https:\/\/www.salzburgerheimatwerk.at\/en\/wp-json\/wp\/v2\/product_cat?post=302937"},{"taxonomy":"product_tag","embeddable":true,"href":"https:\/\/www.salzburgerheimatwerk.at\/en\/wp-json\/wp\/v2\/product_tag?post=302937"}],"curies":[{"name":"wp","href":"https:\/\/api.w.org\/{rel}","templated":true}]}}