{"id":302965,"date":"2024-02-08T07:16:06","date_gmt":"2024-02-08T06:16:06","guid":{"rendered":"https:\/\/www.salzburgerheimatwerk.at\/produkt\/dirndl-alpakaloden-und-seidenschuerze\/"},"modified":"2026-04-28T18:25:10","modified_gmt":"2026-04-28T16:25:10","slug":"dirndl-alpakaloden-und-seidenschuerze","status":"publish","type":"product","link":"https:\/\/www.salzburgerheimatwerk.at\/en\/produkt\/dirndl-alpakaloden-und-seidenschuerze\/","title":{"rendered":"Heimatwerk Dirndl mit Alpakaloden"},"content":{"rendered":"<p>Dieses hochgeschlossene Winterdirndl wurde am Oberteil mit Alpakaloden aus Wagrain gefertigt. Der Baumwollrock passt sich wunderbar an die verschiedenen graut\u00f6ne an. Die edle Handdruck Seidensch\u00fcrze in grau-lachs frischt das Dirndl auf und verleiht ihm eine weiche Note. Dieses Dirndl wurde aus hochwertigsten Naturmaterialien gefertigt und ist der perfekte Begleiter f\u00fcr die k\u00e4ltere Jahreszeit zu jeder Gelegenheit. Qualit\u00e4t aus \u00d6sterreich die man sieht und sp\u00fcrt.<\/p>\n","protected":false},"excerpt":{"rendered":"<p>Dieses hochgeschlossene Winterdirndl wurde am Oberteil mit Alpakaloden aus Wagrain gefertigt. Der Baumwollrock passt sich wunderbar an die verschiedenen graut\u00f6ne an. Die edle Handdruck&#8230;<\/p>\n","protected":false},"featured_media":329353,"template":"","meta":{"_acf_changed":false},"product_brand":[],"product_cat":[48,49],"product_tag":[2188],"class_list":{"0":"post-302965","1":"product","2":"type-product","3":"status-publish","4":"has-post-thumbnail","6":"pricegroup-202","7":"pricegroup-312","8":"productgroup-204","9":"productgroup-313","10":"product_cat-damentracht","11":"product_cat-dirndl-kleider","12":"product_tag-dirndl-tosca","13":"pa_farbe-mehrfarbig","14":"pa_farbe-grau","16":"first","17":"instock","18":"taxable","19":"shipping-taxable","20":"purchasable","21":"product-type-variable","22":"has-default-attributes"},"acf":[],"jetpack_sharing_enabled":true,"_links":{"self":[{"href":"https:\/\/www.salzburgerheimatwerk.at\/en\/wp-json\/wp\/v2\/product\/302965","targetHints":{"allow":["GET"]}}],"collection":[{"href":"https:\/\/www.salzburgerheimatwerk.at\/en\/wp-json\/wp\/v2\/product"}],"about":[{"href":"https:\/\/www.salzburgerheimatwerk.at\/en\/wp-json\/wp\/v2\/types\/product"}],"wp:featuredmedia":[{"embeddable":true,"href":"https:\/\/www.salzburgerheimatwerk.at\/en\/wp-json\/wp\/v2\/media\/329353"}],"wp:attachment":[{"href":"https:\/\/www.salzburgerheimatwerk.at\/en\/wp-json\/wp\/v2\/media?parent=302965"}],"wp:term":[{"taxonomy":"product_brand","embeddable":true,"href":"https:\/\/www.salzburgerheimatwerk.at\/en\/wp-json\/wp\/v2\/product_brand?post=302965"},{"taxonomy":"product_cat","embeddable":true,"href":"https:\/\/www.salzburgerheimatwerk.at\/en\/wp-json\/wp\/v2\/product_cat?post=302965"},{"taxonomy":"product_tag","embeddable":true,"href":"https:\/\/www.salzburgerheimatwerk.at\/en\/wp-json\/wp\/v2\/product_tag?post=302965"}],"curies":[{"name":"wp","href":"https:\/\/api.w.org\/{rel}","templated":true}]}}