{"id":303064,"date":"2024-02-14T07:16:01","date_gmt":"2024-02-14T06:16:01","guid":{"rendered":"https:\/\/www.salzburgerheimatwerk.at\/produkt\/hirschlederjacke-mit-bueffelhornknoepfe\/"},"modified":"2026-04-28T20:23:13","modified_gmt":"2026-04-28T18:23:13","slug":"hirschlederjacke-mit-bueffelhornknoepfe","status":"publish","type":"product","link":"https:\/\/www.salzburgerheimatwerk.at\/en\/produkt\/hirschlederjacke-mit-bueffelhornknoepfe\/","title":{"rendered":"Hirschlederjacke mit B\u00fcffelhornkn\u00f6pfe"},"content":{"rendered":"<p>Ein St\u00fcck f\u00fcr die Ewigkeit \u2013 dies trifft auf diese herrliche Hirschlederjacke im Farbton &#8220;Elefant&#8221; zu. Leicht taillierte Passform, feinstes s\u00e4misch gegerbtes Hirschleder wurde hier hochwertig verarbeitet. Sakkojacke mit Revers, Vorderteil mit Loden gef\u00fcttert, zwei Innentaschen, B\u00fcffelhornkn\u00f6pfe. Mit dieser Jacke sind Sie f\u00fcr jeden Anlass perfekt gekleidet.<\/p>\n<p>Naturverbundenheit, Handwerk und Tradition sind Werte, die bei unserer S\u00e4ckler Manufaktur gelebt werden. Lederbekleidung, die eine Geschichte erz\u00e4hlt. Mode, die auf Tradition und Leidenschaft setzt und den aufwendigen Brauch des S\u00e4ckler Handwerks neu interpretiert.<\/p>\n<p>Hier trifft eine hochwertige Verarbeitung, kombiniert mit perfekter Passform und dem Besten aus der Natur, auf edle Rohfelle, die von Hand nach uraltem Rezept mit hoher Nachhaltigkeit s\u00e4misch gegerbt werden und \u00f6kologisch abbaubar sind. Das macht das Handwerk wertvoll und diese Ledermode einzigartig.<\/p>\n","protected":false},"excerpt":{"rendered":"<p>Ein St\u00fcck f\u00fcr die Ewigkeit \u2013 dies trifft auf diese herrliche Hirschlederjacke im Farbton &#8220;Elefant&#8221; zu. Leicht taillierte Passform, feinstes s\u00e4misch gegerbtes Hirschleder wurde&#8230;<\/p>\n","protected":false},"featured_media":343539,"template":"","meta":{"_acf_changed":false},"product_brand":[],"product_cat":[59,61,1222],"product_tag":[2198],"class_list":{"0":"post-303064","1":"product","2":"type-product","3":"status-publish","4":"has-post-thumbnail","6":"pricegroup-166","7":"pricegroup-859","8":"productgroup-174","9":"productgroup-860","10":"product_cat-herrentracht","11":"product_cat-jacken-maentel","12":"product_cat-sakko","13":"product_tag-herrenlederjacke","14":"pa_farbe-braun","16":"first","17":"instock","18":"taxable","19":"shipping-taxable","20":"purchasable","21":"product-type-variable","22":"has-default-attributes"},"acf":[],"jetpack_sharing_enabled":true,"_links":{"self":[{"href":"https:\/\/www.salzburgerheimatwerk.at\/en\/wp-json\/wp\/v2\/product\/303064","targetHints":{"allow":["GET"]}}],"collection":[{"href":"https:\/\/www.salzburgerheimatwerk.at\/en\/wp-json\/wp\/v2\/product"}],"about":[{"href":"https:\/\/www.salzburgerheimatwerk.at\/en\/wp-json\/wp\/v2\/types\/product"}],"wp:featuredmedia":[{"embeddable":true,"href":"https:\/\/www.salzburgerheimatwerk.at\/en\/wp-json\/wp\/v2\/media\/343539"}],"wp:attachment":[{"href":"https:\/\/www.salzburgerheimatwerk.at\/en\/wp-json\/wp\/v2\/media?parent=303064"}],"wp:term":[{"taxonomy":"product_brand","embeddable":true,"href":"https:\/\/www.salzburgerheimatwerk.at\/en\/wp-json\/wp\/v2\/product_brand?post=303064"},{"taxonomy":"product_cat","embeddable":true,"href":"https:\/\/www.salzburgerheimatwerk.at\/en\/wp-json\/wp\/v2\/product_cat?post=303064"},{"taxonomy":"product_tag","embeddable":true,"href":"https:\/\/www.salzburgerheimatwerk.at\/en\/wp-json\/wp\/v2\/product_tag?post=303064"}],"curies":[{"name":"wp","href":"https:\/\/api.w.org\/{rel}","templated":true}]}}