{"id":303478,"date":"2024-02-23T07:16:02","date_gmt":"2024-02-23T06:16:02","guid":{"rendered":"https:\/\/www.salzburgerheimatwerk.at\/produkt\/dirndl-elvira\/"},"modified":"2026-04-28T18:25:11","modified_gmt":"2026-04-28T16:25:11","slug":"dirndl-elvira","status":"publish","type":"product","link":"https:\/\/www.salzburgerheimatwerk.at\/en\/produkt\/dirndl-elvira\/","title":{"rendered":"Heimatwerk Dirndl Elvira"},"content":{"rendered":"<p>Dieses Baumwolldirndl aus dem Hause Salzburger Heimatwerk besticht durch seine kaminrote Farbe. Miederschnitt mit Knopfverschluss und Passepoil. Der Rock ist in 6 Bahnen in einer 70 er L\u00e4nge geschnitten. Die dazupassende l\u00e4ngsgestreifte Leinensch\u00fcrze verleiht dem Dirndl noch das gewisse Etwas. <\/p>\n<p>Kombiniert kann das Dirndl mit der dazupassenden gestreiften Dirndlbluse sowie der wertigen Kaschmir-Strickjacke und einem handgefertigten Buch-Taschenunikat!<\/p>\n","protected":false},"excerpt":{"rendered":"<p>Dieses Baumwolldirndl aus dem Hause Salzburger Heimatwerk besticht durch seine kaminrote Farbe. Miederschnitt mit Knopfverschluss und Passepoil. Der Rock ist in 6 Bahnen in&#8230;<\/p>\n","protected":false},"featured_media":329380,"template":"","meta":{"_acf_changed":false},"product_brand":[],"product_cat":[48,49],"product_tag":[2271],"class_list":{"0":"post-303478","1":"product","2":"type-product","3":"status-publish","4":"has-post-thumbnail","6":"pricegroup-312","7":"pricegroup-202","8":"productgroup-204","9":"productgroup-313","10":"product_cat-damentracht","11":"product_cat-dirndl-kleider","12":"product_tag-dirndl-elvira","13":"pa_farbe-rot","15":"first","16":"instock","17":"taxable","18":"shipping-taxable","19":"purchasable","20":"product-type-variable","21":"has-default-attributes"},"acf":[],"jetpack_sharing_enabled":true,"_links":{"self":[{"href":"https:\/\/www.salzburgerheimatwerk.at\/en\/wp-json\/wp\/v2\/product\/303478","targetHints":{"allow":["GET"]}}],"collection":[{"href":"https:\/\/www.salzburgerheimatwerk.at\/en\/wp-json\/wp\/v2\/product"}],"about":[{"href":"https:\/\/www.salzburgerheimatwerk.at\/en\/wp-json\/wp\/v2\/types\/product"}],"wp:featuredmedia":[{"embeddable":true,"href":"https:\/\/www.salzburgerheimatwerk.at\/en\/wp-json\/wp\/v2\/media\/329380"}],"wp:attachment":[{"href":"https:\/\/www.salzburgerheimatwerk.at\/en\/wp-json\/wp\/v2\/media?parent=303478"}],"wp:term":[{"taxonomy":"product_brand","embeddable":true,"href":"https:\/\/www.salzburgerheimatwerk.at\/en\/wp-json\/wp\/v2\/product_brand?post=303478"},{"taxonomy":"product_cat","embeddable":true,"href":"https:\/\/www.salzburgerheimatwerk.at\/en\/wp-json\/wp\/v2\/product_cat?post=303478"},{"taxonomy":"product_tag","embeddable":true,"href":"https:\/\/www.salzburgerheimatwerk.at\/en\/wp-json\/wp\/v2\/product_tag?post=303478"}],"curies":[{"name":"wp","href":"https:\/\/api.w.org\/{rel}","templated":true}]}}