{"id":303494,"date":"2024-02-23T07:16:06","date_gmt":"2024-02-23T06:16:06","guid":{"rendered":"https:\/\/www.salzburgerheimatwerk.at\/produkt\/dirndl-mit-wollrock-und-seidenschuerze\/"},"modified":"2026-04-28T22:25:10","modified_gmt":"2026-04-28T20:25:10","slug":"dirndl-mit-wollrock-und-seidenschuerze","status":"publish","type":"product","link":"https:\/\/www.salzburgerheimatwerk.at\/en\/produkt\/dirndl-mit-wollrock-und-seidenschuerze\/","title":{"rendered":"Heimatwerk Dirndl mit Seidensch\u00fcrze"},"content":{"rendered":"<p>Dieses festliche Dirndl zeichnet sich durch sein gemustertes Paisley-Oberteil in Halbleinen aus. Die Musterung wurde perfekt in Szene gesetzt und exakt mit Hakenverschluss gearbeitet. Das angenehme Material aus 50% Leinen, 50% Baumwolle bietet einen hohen Tragekomfort. Der lange Wollrock im Beereton wurde mit einer Seidentaftborte gefertigt.  Die Sch\u00fcrze wurde mit einer Bord\u00fcre aus Ausseer Handdruck gestaltet. Eine edle Kombination in sch\u00f6nen Rosenholz-T\u00f6nen und Qualit\u00e4t aus \u00d6sterreich die man sieht und sp\u00fcrt.<\/p>\n","protected":false},"excerpt":{"rendered":"<p>Dieses festliche Dirndl zeichnet sich durch sein gemustertes Paisley-Oberteil in Halbleinen aus. Die Musterung wurde perfekt in Szene gesetzt und exakt mit Hakenverschluss gearbeitet&#8230;.<\/p>\n","protected":false},"featured_media":329387,"template":"","meta":{"_acf_changed":false},"product_brand":[],"product_cat":[48,49],"product_tag":[2273],"class_list":{"0":"post-303494","1":"product","2":"type-product","3":"status-publish","4":"has-post-thumbnail","6":"pricegroup-312","7":"pricegroup-202","8":"productgroup-204","9":"productgroup-313","10":"product_cat-damentracht","11":"product_cat-dirndl-kleider","12":"product_tag-dirndl-patrice","13":"pa_farbe-rosa","14":"pa_farbe-mehrfarbig","16":"first","17":"instock","18":"taxable","19":"shipping-taxable","20":"purchasable","21":"product-type-variable","22":"has-default-attributes"},"acf":[],"jetpack_sharing_enabled":true,"_links":{"self":[{"href":"https:\/\/www.salzburgerheimatwerk.at\/en\/wp-json\/wp\/v2\/product\/303494","targetHints":{"allow":["GET"]}}],"collection":[{"href":"https:\/\/www.salzburgerheimatwerk.at\/en\/wp-json\/wp\/v2\/product"}],"about":[{"href":"https:\/\/www.salzburgerheimatwerk.at\/en\/wp-json\/wp\/v2\/types\/product"}],"wp:featuredmedia":[{"embeddable":true,"href":"https:\/\/www.salzburgerheimatwerk.at\/en\/wp-json\/wp\/v2\/media\/329387"}],"wp:attachment":[{"href":"https:\/\/www.salzburgerheimatwerk.at\/en\/wp-json\/wp\/v2\/media?parent=303494"}],"wp:term":[{"taxonomy":"product_brand","embeddable":true,"href":"https:\/\/www.salzburgerheimatwerk.at\/en\/wp-json\/wp\/v2\/product_brand?post=303494"},{"taxonomy":"product_cat","embeddable":true,"href":"https:\/\/www.salzburgerheimatwerk.at\/en\/wp-json\/wp\/v2\/product_cat?post=303494"},{"taxonomy":"product_tag","embeddable":true,"href":"https:\/\/www.salzburgerheimatwerk.at\/en\/wp-json\/wp\/v2\/product_tag?post=303494"}],"curies":[{"name":"wp","href":"https:\/\/api.w.org\/{rel}","templated":true}]}}