{"id":303521,"date":"2024-02-23T07:16:15","date_gmt":"2024-02-23T06:16:15","guid":{"rendered":"https:\/\/www.salzburgerheimatwerk.at\/produkt\/dirndl-mit-baumwollschuerze\/"},"modified":"2026-04-28T18:25:12","modified_gmt":"2026-04-28T16:25:12","slug":"dirndl-mit-baumwollschuerze","status":"publish","type":"product","link":"https:\/\/www.salzburgerheimatwerk.at\/en\/produkt\/dirndl-mit-baumwollschuerze\/","title":{"rendered":"Heimatwerk Dirndl Ella"},"content":{"rendered":"<p>Dieses frische Dirndl zeichnet sich durch sein hellblaues Fischgr\u00e4t Leinenoberteil aus welches im Miederschnitt gefertigt wurde. Handgen\u00e4hte Knopfl\u00f6cher sowie verspielte Kn\u00f6pfe im abgestimmten Blauton komplettieren das Oberteil. Der in sich gemusterte Baumwollsatin mit Blumenprint passt perfekt farblich zum Oberteil und wurde in einer 80er L\u00e4nge gefertigt und in Falten gelegt. Der dezente Vorsto\u00df in Hellblau macht das Dirndl noch wertiger und verleiht ihm einen besonderen Touch. Mit der fliederfarbigen Baumwollsch\u00fcrze wird das Dirndl zum perfekten Begleiter f\u00fcr jeden Anlass. Qualit\u00e4t aus \u00d6sterreich die man sieht und sp\u00fcrt.<\/p>\n","protected":false},"excerpt":{"rendered":"<p>Dieses frische Dirndl zeichnet sich durch sein hellblaues Fischgr\u00e4t Leinenoberteil aus welches im Miederschnitt gefertigt wurde. Handgen\u00e4hte Knopfl\u00f6cher sowie verspielte Kn\u00f6pfe im abgestimmten Blauton&#8230;<\/p>\n","protected":false},"featured_media":329395,"template":"","meta":{"_acf_changed":false},"product_brand":[],"product_cat":[48,49],"product_tag":[2275],"class_list":{"0":"post-303521","1":"product","2":"type-product","3":"status-publish","4":"has-post-thumbnail","6":"pricegroup-202","7":"pricegroup-312","8":"productgroup-204","9":"productgroup-313","10":"product_cat-damentracht","11":"product_cat-dirndl-kleider","12":"product_tag-dirndl-ella-bw-schuerze","13":"pa_farbe-mehrfarbig","14":"pa_farbe-blau","15":"pa_farbe-lila","17":"first","18":"instock","19":"taxable","20":"shipping-taxable","21":"purchasable","22":"product-type-variable","23":"has-default-attributes"},"acf":[],"jetpack_sharing_enabled":true,"_links":{"self":[{"href":"https:\/\/www.salzburgerheimatwerk.at\/en\/wp-json\/wp\/v2\/product\/303521","targetHints":{"allow":["GET"]}}],"collection":[{"href":"https:\/\/www.salzburgerheimatwerk.at\/en\/wp-json\/wp\/v2\/product"}],"about":[{"href":"https:\/\/www.salzburgerheimatwerk.at\/en\/wp-json\/wp\/v2\/types\/product"}],"wp:featuredmedia":[{"embeddable":true,"href":"https:\/\/www.salzburgerheimatwerk.at\/en\/wp-json\/wp\/v2\/media\/329395"}],"wp:attachment":[{"href":"https:\/\/www.salzburgerheimatwerk.at\/en\/wp-json\/wp\/v2\/media?parent=303521"}],"wp:term":[{"taxonomy":"product_brand","embeddable":true,"href":"https:\/\/www.salzburgerheimatwerk.at\/en\/wp-json\/wp\/v2\/product_brand?post=303521"},{"taxonomy":"product_cat","embeddable":true,"href":"https:\/\/www.salzburgerheimatwerk.at\/en\/wp-json\/wp\/v2\/product_cat?post=303521"},{"taxonomy":"product_tag","embeddable":true,"href":"https:\/\/www.salzburgerheimatwerk.at\/en\/wp-json\/wp\/v2\/product_tag?post=303521"}],"curies":[{"name":"wp","href":"https:\/\/api.w.org\/{rel}","templated":true}]}}