{"id":303598,"date":"2024-02-29T07:16:11","date_gmt":"2024-02-29T06:16:11","guid":{"rendered":"https:\/\/www.salzburgerheimatwerk.at\/produkt\/baumwollstoff-maigruen-karo\/"},"modified":"2026-04-28T15:32:59","modified_gmt":"2026-04-28T13:32:59","slug":"baumwollstoff-maigruen-karo","status":"publish","type":"product","link":"https:\/\/www.salzburgerheimatwerk.at\/en\/produkt\/baumwollstoff-maigruen-karo\/","title":{"rendered":"Baumwollstoff maigr\u00fcn Karo"},"content":{"rendered":"<p>Dieser Baumwollstoff wird aus den Fasern der Baumwollpflanze gewonnen, hat einen k\u00fchlen Griff und f\u00e4llt angenehm weich. Das Karo-Design entsteht durch die Verwebung unterschiedlich gef\u00e4rbter Garne.<\/p>\n<p>Eigenschaften<br \/>\n&#8211; weich und hautfreundlich<br \/>\n&#8211; feuchtigkeitsregulierend<br \/>\n&#8211; rei\u00dffest und strapazierf\u00e4hig<\/p>\n<p>Eignung<br \/>\nIdeal f\u00fcrs Dirndl (Oberteile, R\u00f6cke, Sch\u00fcrzen), Blusen, R\u00f6cke und Kleider.<\/p>\n","protected":false},"excerpt":{"rendered":"<p>Dieser Baumwollstoff wird aus den Fasern der Baumwollpflanze gewonnen, hat einen k\u00fchlen Griff und f\u00e4llt angenehm weich. Das Karo-Design entsteht durch die Verwebung unterschiedlich&#8230;<\/p>\n","protected":false},"featured_media":312101,"template":"","meta":{"_acf_changed":false},"product_brand":[],"product_cat":[37,192],"product_tag":[2282],"class_list":{"0":"post-303598","1":"product","2":"type-product","3":"status-publish","4":"has-post-thumbnail","6":"pricegroup-515","7":"pricegroup-165","8":"productgroup-516","9":"productgroup-173","10":"product_cat-stoffe","11":"product_cat-trachtenstoffe","12":"product_tag-bw-maigruen-vichy","13":"pa_farbe-gruen","14":"pa_stoffbreite-140-cm","15":"pa_zertifizierung-nachhaltig","17":"first","18":"instock","19":"taxable","20":"shipping-taxable","21":"purchasable","22":"product-type-simple"},"acf":[],"jetpack_sharing_enabled":true,"_links":{"self":[{"href":"https:\/\/www.salzburgerheimatwerk.at\/en\/wp-json\/wp\/v2\/product\/303598","targetHints":{"allow":["GET"]}}],"collection":[{"href":"https:\/\/www.salzburgerheimatwerk.at\/en\/wp-json\/wp\/v2\/product"}],"about":[{"href":"https:\/\/www.salzburgerheimatwerk.at\/en\/wp-json\/wp\/v2\/types\/product"}],"wp:featuredmedia":[{"embeddable":true,"href":"https:\/\/www.salzburgerheimatwerk.at\/en\/wp-json\/wp\/v2\/media\/312101"}],"wp:attachment":[{"href":"https:\/\/www.salzburgerheimatwerk.at\/en\/wp-json\/wp\/v2\/media?parent=303598"}],"wp:term":[{"taxonomy":"product_brand","embeddable":true,"href":"https:\/\/www.salzburgerheimatwerk.at\/en\/wp-json\/wp\/v2\/product_brand?post=303598"},{"taxonomy":"product_cat","embeddable":true,"href":"https:\/\/www.salzburgerheimatwerk.at\/en\/wp-json\/wp\/v2\/product_cat?post=303598"},{"taxonomy":"product_tag","embeddable":true,"href":"https:\/\/www.salzburgerheimatwerk.at\/en\/wp-json\/wp\/v2\/product_tag?post=303598"}],"curies":[{"name":"wp","href":"https:\/\/api.w.org\/{rel}","templated":true}]}}