{"id":303800,"date":"2024-03-03T07:16:01","date_gmt":"2024-03-03T06:16:01","guid":{"rendered":"https:\/\/www.salzburgerheimatwerk.at\/produkt\/damenstrickjacke-tuerkis\/"},"modified":"2026-04-28T18:25:10","modified_gmt":"2026-04-28T16:25:10","slug":"damenstrickjacke-tuerkis","status":"publish","type":"product","link":"https:\/\/www.salzburgerheimatwerk.at\/en\/produkt\/damenstrickjacke-tuerkis\/","title":{"rendered":"Damenstrickjacke t\u00fcrkis"},"content":{"rendered":"<p>Eine Strickjacke die wie ein Blazer geschnitten ist mit Revers und Schlitzen am R\u00fccken. 100% Merinowolle im trendigen t\u00fcrkis. Die \u00c4rmeln werden jeweils von einem Lederpatch geziert. Ein Produkt aus Bayern. Die Jacke hat zwei Eingrifftaschen und bei Gr. 38 eine L\u00e4nge am R\u00fccken von 60 cm. Hochwertige Holzkn\u00f6pfe zieren die Jacke und schaffen einen edlen Touch.<\/p>\n","protected":false},"excerpt":{"rendered":"<p>Eine Strickjacke die wie ein Blazer geschnitten ist mit Revers und Schlitzen am R\u00fccken. 100% Merinowolle im trendigen t\u00fcrkis. Die \u00c4rmeln werden jeweils von&#8230;<\/p>\n","protected":false},"featured_media":325611,"template":"","meta":{"_acf_changed":false},"product_brand":[],"product_cat":[48,53],"product_tag":[2152],"class_list":{"0":"post-303800","1":"product","2":"type-product","3":"status-publish","4":"has-post-thumbnail","6":"pricegroup-202","7":"pricegroup-232","8":"productgroup-204","9":"productgroup-233","10":"product_cat-damentracht","11":"product_cat-strick-walk","12":"product_tag-damenstrickjacke","14":"first","15":"instock","16":"taxable","17":"shipping-taxable","18":"purchasable","19":"product-type-variable","20":"has-default-attributes"},"acf":[],"jetpack_sharing_enabled":true,"_links":{"self":[{"href":"https:\/\/www.salzburgerheimatwerk.at\/en\/wp-json\/wp\/v2\/product\/303800","targetHints":{"allow":["GET"]}}],"collection":[{"href":"https:\/\/www.salzburgerheimatwerk.at\/en\/wp-json\/wp\/v2\/product"}],"about":[{"href":"https:\/\/www.salzburgerheimatwerk.at\/en\/wp-json\/wp\/v2\/types\/product"}],"wp:featuredmedia":[{"embeddable":true,"href":"https:\/\/www.salzburgerheimatwerk.at\/en\/wp-json\/wp\/v2\/media\/325611"}],"wp:attachment":[{"href":"https:\/\/www.salzburgerheimatwerk.at\/en\/wp-json\/wp\/v2\/media?parent=303800"}],"wp:term":[{"taxonomy":"product_brand","embeddable":true,"href":"https:\/\/www.salzburgerheimatwerk.at\/en\/wp-json\/wp\/v2\/product_brand?post=303800"},{"taxonomy":"product_cat","embeddable":true,"href":"https:\/\/www.salzburgerheimatwerk.at\/en\/wp-json\/wp\/v2\/product_cat?post=303800"},{"taxonomy":"product_tag","embeddable":true,"href":"https:\/\/www.salzburgerheimatwerk.at\/en\/wp-json\/wp\/v2\/product_tag?post=303800"}],"curies":[{"name":"wp","href":"https:\/\/api.w.org\/{rel}","templated":true}]}}