{"id":303811,"date":"2024-03-03T07:16:19","date_gmt":"2024-03-03T06:16:19","guid":{"rendered":"https:\/\/www.salzburgerheimatwerk.at\/produkt\/strickjacke-4\/"},"modified":"2026-04-28T18:25:10","modified_gmt":"2026-04-28T16:25:10","slug":"strickjacke-4","status":"publish","type":"product","link":"https:\/\/www.salzburgerheimatwerk.at\/en\/produkt\/strickjacke-4\/","title":{"rendered":"Strickjacke"},"content":{"rendered":"<p>Eine Strickjacke die sowohl zu Dirndl als auch zu Hose und Rock ein perfekter Begleiter ist. 100% Merinowolle und von Hand geh\u00e4kelter Rand in Kontrastfarbe. Ein Produkt aus Bayern. Die Jacke hat zwei Eingrifftaschen und bei Gr. 38 eine L\u00e4nge am R\u00fccken von 51 cm. Hochwertige Perluttkn\u00f6pfe zieren die Jacke und schaffen einen edlen Touch.<\/p>\n","protected":false},"excerpt":{"rendered":"<p>Eine Strickjacke die sowohl zu Dirndl als auch zu Hose und Rock ein perfekter Begleiter ist. 100% Merinowolle und von Hand geh\u00e4kelter Rand in&#8230;<\/p>\n","protected":false},"featured_media":325626,"template":"","meta":{"_acf_changed":false},"product_brand":[],"product_cat":[48,53],"product_tag":[237],"class_list":{"0":"post-303811","1":"product","2":"type-product","3":"status-publish","4":"has-post-thumbnail","6":"pricegroup-232","7":"pricegroup-202","8":"productgroup-233","9":"productgroup-204","10":"product_cat-damentracht","11":"product_cat-strick-walk","12":"product_tag-strickjacke","13":"pa_farbe-mehrfarbig","14":"pa_farbe-lila","15":"pa_farbe-grau","17":"first","18":"instock","19":"taxable","20":"shipping-taxable","21":"purchasable","22":"product-type-variable","23":"has-default-attributes"},"acf":[],"jetpack_sharing_enabled":true,"_links":{"self":[{"href":"https:\/\/www.salzburgerheimatwerk.at\/en\/wp-json\/wp\/v2\/product\/303811","targetHints":{"allow":["GET"]}}],"collection":[{"href":"https:\/\/www.salzburgerheimatwerk.at\/en\/wp-json\/wp\/v2\/product"}],"about":[{"href":"https:\/\/www.salzburgerheimatwerk.at\/en\/wp-json\/wp\/v2\/types\/product"}],"wp:featuredmedia":[{"embeddable":true,"href":"https:\/\/www.salzburgerheimatwerk.at\/en\/wp-json\/wp\/v2\/media\/325626"}],"wp:attachment":[{"href":"https:\/\/www.salzburgerheimatwerk.at\/en\/wp-json\/wp\/v2\/media?parent=303811"}],"wp:term":[{"taxonomy":"product_brand","embeddable":true,"href":"https:\/\/www.salzburgerheimatwerk.at\/en\/wp-json\/wp\/v2\/product_brand?post=303811"},{"taxonomy":"product_cat","embeddable":true,"href":"https:\/\/www.salzburgerheimatwerk.at\/en\/wp-json\/wp\/v2\/product_cat?post=303811"},{"taxonomy":"product_tag","embeddable":true,"href":"https:\/\/www.salzburgerheimatwerk.at\/en\/wp-json\/wp\/v2\/product_tag?post=303811"}],"curies":[{"name":"wp","href":"https:\/\/api.w.org\/{rel}","templated":true}]}}