{"id":312130,"date":"2024-03-15T07:16:32","date_gmt":"2024-03-15T06:16:32","guid":{"rendered":"https:\/\/www.salzburgerheimatwerk.at\/produkt\/shirt-mit-lochstickerei-am-aermel\/"},"modified":"2026-04-28T18:25:11","modified_gmt":"2026-04-28T16:25:11","slug":"shirt-mit-lochstickerei-am-aermel","status":"publish","type":"product","link":"https:\/\/www.salzburgerheimatwerk.at\/en\/produkt\/shirt-mit-lochstickerei-am-aermel\/","title":{"rendered":"Shirt mit Lochstickerei am \u00c4rmel"},"content":{"rendered":"<p>Frisches Blusenshirt mit Puff\u00e4rmeln.<\/p>\n<p>Material:<br \/>\nFarbe: wei\u00df<br \/>\n80% Baumwolle, 20% Elastan<\/p>\n<p>Details:<br \/>\n+ runder Halsausschnitt<br \/>\n+ kurzer Puff\u00e4rmel aus Spitze mit B\u00fcndchen<\/p>\n<p>Passform:<br \/>\n+ gerade geschnitten<\/p>\n","protected":false},"excerpt":{"rendered":"<p>Frisches Blusenshirt mit Puff\u00e4rmeln.  Material: Farbe: wei\u00df 80% Baumwolle, 20% Elastan  Details: + runder Halsausschnitt + kurzer Puff\u00e4rmel aus Spitze mit B\u00fcndchen&#8230;<\/p>\n","protected":false},"featured_media":325587,"template":"","meta":{"_acf_changed":false},"product_brand":[],"product_cat":[48,52],"product_tag":[2303],"class_list":{"0":"post-312130","1":"product","2":"type-product","3":"status-publish","4":"has-post-thumbnail","6":"pricegroup-256","7":"pricegroup-202","8":"productgroup-257","9":"productgroup-204","10":"product_cat-damentracht","11":"product_cat-blusen-shirts","12":"product_tag-damenshirt","13":"pa_farbe-weiss","15":"first","16":"instock","17":"taxable","18":"shipping-taxable","19":"purchasable","20":"product-type-variable","21":"has-default-attributes"},"acf":[],"jetpack_sharing_enabled":true,"_links":{"self":[{"href":"https:\/\/www.salzburgerheimatwerk.at\/en\/wp-json\/wp\/v2\/product\/312130","targetHints":{"allow":["GET"]}}],"collection":[{"href":"https:\/\/www.salzburgerheimatwerk.at\/en\/wp-json\/wp\/v2\/product"}],"about":[{"href":"https:\/\/www.salzburgerheimatwerk.at\/en\/wp-json\/wp\/v2\/types\/product"}],"wp:featuredmedia":[{"embeddable":true,"href":"https:\/\/www.salzburgerheimatwerk.at\/en\/wp-json\/wp\/v2\/media\/325587"}],"wp:attachment":[{"href":"https:\/\/www.salzburgerheimatwerk.at\/en\/wp-json\/wp\/v2\/media?parent=312130"}],"wp:term":[{"taxonomy":"product_brand","embeddable":true,"href":"https:\/\/www.salzburgerheimatwerk.at\/en\/wp-json\/wp\/v2\/product_brand?post=312130"},{"taxonomy":"product_cat","embeddable":true,"href":"https:\/\/www.salzburgerheimatwerk.at\/en\/wp-json\/wp\/v2\/product_cat?post=312130"},{"taxonomy":"product_tag","embeddable":true,"href":"https:\/\/www.salzburgerheimatwerk.at\/en\/wp-json\/wp\/v2\/product_tag?post=312130"}],"curies":[{"name":"wp","href":"https:\/\/api.w.org\/{rel}","templated":true}]}}