{"id":312238,"date":"2024-03-15T07:18:38","date_gmt":"2024-03-15T06:18:38","guid":{"rendered":"https:\/\/www.salzburgerheimatwerk.at\/produkt\/heimatwerk-dirndl-martha\/"},"modified":"2026-04-28T18:25:13","modified_gmt":"2026-04-28T16:25:13","slug":"heimatwerk-dirndl-martha","status":"publish","type":"product","link":"https:\/\/www.salzburgerheimatwerk.at\/en\/produkt\/heimatwerk-dirndl-martha\/","title":{"rendered":"Heimatwerk Dirndl Martha"},"content":{"rendered":"<p>Dieses Heimatwerk Dirndl ist der perfekte Begleiter das ganze Jahr \u00fcber. Das Oberteil ist im Miederschnitt aus trendigem orangem Leinen gefertigt mit Hakenverschluss. Der Rock wurde aus herrlichem Baumwoll-Tupf in einer 70er L\u00e4nge gen\u00e4ht und im 6 Bahnen Schnitt gearbeitet. Die Baumwoll-Satinsch\u00fcrze kommt aus dem Hause Jordis aus Salzburg und erg\u00e4nzt das wertige Ensemble hervorragend und macht es zu einem Lieblingsst\u00fcck. Qualit\u00e4t auf der ganzen Linie, die man sieht und sp\u00fcrt.<\/p>\n","protected":false},"excerpt":{"rendered":"<p>Dieses Heimatwerk Dirndl ist der perfekte Begleiter das ganze Jahr \u00fcber. Das Oberteil ist im Miederschnitt aus trendigem orangem Leinen gefertigt mit Hakenverschluss. Der&#8230;<\/p>\n","protected":false},"featured_media":325676,"template":"","meta":{"_acf_changed":false},"product_brand":[],"product_cat":[48,49],"product_tag":[2311],"class_list":{"0":"post-312238","1":"product","2":"type-product","3":"status-publish","4":"has-post-thumbnail","6":"pricegroup-202","7":"pricegroup-312","8":"productgroup-204","9":"productgroup-313","10":"product_cat-damentracht","11":"product_cat-dirndl-kleider","12":"product_tag-dirndl-martha","13":"pa_farbe-mehrfarbig","14":"pa_farbe-orange","16":"first","17":"instock","18":"taxable","19":"shipping-taxable","20":"purchasable","21":"product-type-variable","22":"has-default-attributes"},"acf":[],"jetpack_sharing_enabled":true,"_links":{"self":[{"href":"https:\/\/www.salzburgerheimatwerk.at\/en\/wp-json\/wp\/v2\/product\/312238","targetHints":{"allow":["GET"]}}],"collection":[{"href":"https:\/\/www.salzburgerheimatwerk.at\/en\/wp-json\/wp\/v2\/product"}],"about":[{"href":"https:\/\/www.salzburgerheimatwerk.at\/en\/wp-json\/wp\/v2\/types\/product"}],"wp:featuredmedia":[{"embeddable":true,"href":"https:\/\/www.salzburgerheimatwerk.at\/en\/wp-json\/wp\/v2\/media\/325676"}],"wp:attachment":[{"href":"https:\/\/www.salzburgerheimatwerk.at\/en\/wp-json\/wp\/v2\/media?parent=312238"}],"wp:term":[{"taxonomy":"product_brand","embeddable":true,"href":"https:\/\/www.salzburgerheimatwerk.at\/en\/wp-json\/wp\/v2\/product_brand?post=312238"},{"taxonomy":"product_cat","embeddable":true,"href":"https:\/\/www.salzburgerheimatwerk.at\/en\/wp-json\/wp\/v2\/product_cat?post=312238"},{"taxonomy":"product_tag","embeddable":true,"href":"https:\/\/www.salzburgerheimatwerk.at\/en\/wp-json\/wp\/v2\/product_tag?post=312238"}],"curies":[{"name":"wp","href":"https:\/\/api.w.org\/{rel}","templated":true}]}}