{"id":312289,"date":"2024-03-16T07:16:21","date_gmt":"2024-03-16T06:16:21","guid":{"rendered":"https:\/\/www.salzburgerheimatwerk.at\/produkt\/sakko-leinen-hellblau-2\/"},"modified":"2026-04-28T20:25:11","modified_gmt":"2026-04-28T18:25:11","slug":"sakko-leinen-hellblau-2","status":"publish","type":"product","link":"https:\/\/www.salzburgerheimatwerk.at\/en\/produkt\/sakko-leinen-hellblau-2\/","title":{"rendered":"Sakko Leinen hellblau"},"content":{"rendered":"<p>Giesing Trachten-Janker f\u00fcr Herren von Windsor in Hellblau. Tradition und Moderne vereinen sich in Perfektion in diesem Modell. W\u00e4hrend leichte Leinen- Verarbeitung angenehmen Tragekomfort verspricht, setzen Hornkn\u00f6pfe rustikale Akzente.<\/p>\n<p>Antaillierte Passform<br \/>\nStehkragen mit Kontrastfarbe Tannengr\u00fcn<br \/>\n3 Au\u00dfentaschen, 2 Innentaschen<br \/>\nGekn\u00f6pfte \u00c4rmelenden<br \/>\n2 seitliche R\u00fcckenschlitze<br \/>\n\u00c4rmell\u00e4nge: 59 cm<br \/>\nEnth\u00e4lt nichttextile Teile tierischen Ursprungs<\/p>\n<p>Ma\u00dfe: L 72 cm x B 50 cm (gem. Gr. 50)<\/p>\n","protected":false},"excerpt":{"rendered":"<p>Giesing Trachten-Janker f\u00fcr Herren von Windsor in Hellblau. Tradition und Moderne vereinen sich in Perfektion in diesem Modell. W\u00e4hrend leichte Leinen- Verarbeitung angenehmen Tragekomfort&#8230;<\/p>\n","protected":false},"featured_media":343611,"template":"","meta":{"_acf_changed":false},"product_brand":[],"product_cat":[59,61,1222],"product_tag":[853],"class_list":{"0":"post-312289","1":"product","2":"type-product","3":"status-publish","4":"has-post-thumbnail","6":"pricegroup-166","7":"pricegroup-216","8":"productgroup-174","9":"productgroup-217","10":"product_cat-herrentracht","11":"product_cat-jacken-maentel","12":"product_cat-sakko","13":"product_tag-herrenjacke","14":"pa_farbe-blau","16":"first","17":"instock","18":"taxable","19":"shipping-taxable","20":"purchasable","21":"product-type-variable","22":"has-default-attributes"},"acf":[],"jetpack_sharing_enabled":true,"_links":{"self":[{"href":"https:\/\/www.salzburgerheimatwerk.at\/en\/wp-json\/wp\/v2\/product\/312289","targetHints":{"allow":["GET"]}}],"collection":[{"href":"https:\/\/www.salzburgerheimatwerk.at\/en\/wp-json\/wp\/v2\/product"}],"about":[{"href":"https:\/\/www.salzburgerheimatwerk.at\/en\/wp-json\/wp\/v2\/types\/product"}],"wp:featuredmedia":[{"embeddable":true,"href":"https:\/\/www.salzburgerheimatwerk.at\/en\/wp-json\/wp\/v2\/media\/343611"}],"wp:attachment":[{"href":"https:\/\/www.salzburgerheimatwerk.at\/en\/wp-json\/wp\/v2\/media?parent=312289"}],"wp:term":[{"taxonomy":"product_brand","embeddable":true,"href":"https:\/\/www.salzburgerheimatwerk.at\/en\/wp-json\/wp\/v2\/product_brand?post=312289"},{"taxonomy":"product_cat","embeddable":true,"href":"https:\/\/www.salzburgerheimatwerk.at\/en\/wp-json\/wp\/v2\/product_cat?post=312289"},{"taxonomy":"product_tag","embeddable":true,"href":"https:\/\/www.salzburgerheimatwerk.at\/en\/wp-json\/wp\/v2\/product_tag?post=312289"}],"curies":[{"name":"wp","href":"https:\/\/api.w.org\/{rel}","templated":true}]}}