{"id":312596,"date":"2024-03-24T07:16:56","date_gmt":"2024-03-24T06:16:56","guid":{"rendered":"https:\/\/www.salzburgerheimatwerk.at\/produkt\/herrenhose-olive\/"},"modified":"2026-04-28T20:25:08","modified_gmt":"2026-04-28T18:25:08","slug":"herrenhose-olive","status":"publish","type":"product","link":"https:\/\/www.salzburgerheimatwerk.at\/en\/produkt\/herrenhose-olive\/","title":{"rendered":"Herrenhose olive"},"content":{"rendered":"<p>Diese Hosen verk\u00f6rpern die Quintessenz der Eleganz. Die handwerklichen Details wie B\u00fcgelfalten und Paspeltaschen hinten mit Kn\u00f6pfen betonen eine regul\u00e4re Passform, die die H\u00fcften mit unvergleichlichem Komfort umschlie\u00dft. <\/p>\n<p>Diese Herrenhose im  Genova Style ist nicht nur ein Kleidungsst\u00fcck; sie ist eine Stilaussage. Sie ist das Schl\u00fcsselst\u00fcck, um mit einem Hemd aus dem gleichen Material und in der gleichen Farbe einen Vintage und eleganten Look zu kreieren &#8211; oder als trachtiger Begleiter zu J\u00e4gerleinen und Gilet. Diese Herren Chino Hosen sind Ihr Ticket f\u00fcr einen Tag in der Stadt oder f\u00fcr formelle Anl\u00e4sse und erm\u00f6glichen es Ihnen, jede Situation mit modischer Selbstsicherheit zu meistern.<\/p>\n<p>Passform: Regular<br \/>\nFarbe: Oliv<br \/>\nZusammensetzung: 65% Leinen, 34% Baumwolle, 01% Elasthan<br \/>\nPaspeltaschen hinten mit Kn\u00f6pfen<br \/>\nB\u00fcgelfalten<\/p>\n","protected":false},"excerpt":{"rendered":"<p>Diese Hosen verk\u00f6rpern die Quintessenz der Eleganz. Die handwerklichen Details wie B\u00fcgelfalten und Paspeltaschen hinten mit Kn\u00f6pfen betonen eine regul\u00e4re Passform, die die H\u00fcften&#8230;<\/p>\n","protected":false},"featured_media":343576,"template":"","meta":{"_acf_changed":false},"product_brand":[],"product_cat":[59,178],"product_tag":[2334],"class_list":{"0":"post-312596","1":"product","2":"type-product","3":"status-publish","4":"has-post-thumbnail","6":"pricegroup-223","7":"pricegroup-166","8":"productgroup-224","9":"productgroup-174","10":"product_cat-herrentracht","11":"product_cat-hosen","12":"product_tag-herrenhose-olive","13":"pa_farbe-oliv","15":"first","16":"instock","17":"taxable","18":"shipping-taxable","19":"purchasable","20":"product-type-variable","21":"has-default-attributes"},"acf":[],"jetpack_sharing_enabled":true,"_links":{"self":[{"href":"https:\/\/www.salzburgerheimatwerk.at\/en\/wp-json\/wp\/v2\/product\/312596","targetHints":{"allow":["GET"]}}],"collection":[{"href":"https:\/\/www.salzburgerheimatwerk.at\/en\/wp-json\/wp\/v2\/product"}],"about":[{"href":"https:\/\/www.salzburgerheimatwerk.at\/en\/wp-json\/wp\/v2\/types\/product"}],"wp:featuredmedia":[{"embeddable":true,"href":"https:\/\/www.salzburgerheimatwerk.at\/en\/wp-json\/wp\/v2\/media\/343576"}],"wp:attachment":[{"href":"https:\/\/www.salzburgerheimatwerk.at\/en\/wp-json\/wp\/v2\/media?parent=312596"}],"wp:term":[{"taxonomy":"product_brand","embeddable":true,"href":"https:\/\/www.salzburgerheimatwerk.at\/en\/wp-json\/wp\/v2\/product_brand?post=312596"},{"taxonomy":"product_cat","embeddable":true,"href":"https:\/\/www.salzburgerheimatwerk.at\/en\/wp-json\/wp\/v2\/product_cat?post=312596"},{"taxonomy":"product_tag","embeddable":true,"href":"https:\/\/www.salzburgerheimatwerk.at\/en\/wp-json\/wp\/v2\/product_tag?post=312596"}],"curies":[{"name":"wp","href":"https:\/\/api.w.org\/{rel}","templated":true}]}}