{"id":312748,"date":"2024-03-24T07:18:02","date_gmt":"2024-03-24T06:18:02","guid":{"rendered":"https:\/\/www.salzburgerheimatwerk.at\/produkt\/herrenweste-leinen-hellblau\/"},"modified":"2026-04-28T20:25:11","modified_gmt":"2026-04-28T18:25:11","slug":"herrenweste-leinen-hellblau","status":"publish","type":"product","link":"https:\/\/www.salzburgerheimatwerk.at\/en\/produkt\/herrenweste-leinen-hellblau\/","title":{"rendered":"Herrenweste Leinen hellblau"},"content":{"rendered":"<p>Herrenweste aus hellblauen Fischgr\u00e4t Leinen aus der hauseigenen Heimatwerk N\u00e4hwerkstatt. Diese frische Herrenweste passt wunderbar zur Lederhose oder auch zu klassischen Hosen. Sie frischt jedes Outfit auf und zeigt von hochwertigster Handarbeit und Liebe zum Detail. Zwei Taschen, Stehkragen, Handgen\u00e4hte Knopfl\u00f6cher sowie edle Metallkn\u00f6pfe zieren die Vorderseite. R\u00fccken aus Baumwolle mit Schlie\u00dfe. Komplett mit Futterseide gef\u00fcttert. Diese wertige Weste zeigt Handwerk auf h\u00f6chster Ebene.<\/p>\n","protected":false},"excerpt":{"rendered":"<p>Herrenweste aus hellblauen Fischgr\u00e4t Leinen aus der hauseigenen Heimatwerk N\u00e4hwerkstatt. Diese frische Herrenweste passt wunderbar zur Lederhose oder auch zu klassischen Hosen. Sie frischt&#8230;<\/p>\n","protected":false},"featured_media":343667,"template":"","meta":{"_acf_changed":false},"product_brand":[],"product_cat":[59,63],"product_tag":[821],"class_list":{"0":"post-312748","1":"product","2":"type-product","3":"status-publish","4":"has-post-thumbnail","6":"pricegroup-166","7":"pricegroup-817","8":"productgroup-174","9":"productgroup-818","10":"product_cat-herrentracht","11":"product_cat-westen","12":"product_tag-herrenweste","13":"pa_farbe-blau","15":"first","16":"instock","17":"taxable","18":"shipping-taxable","19":"purchasable","20":"product-type-variable","21":"has-default-attributes"},"acf":[],"jetpack_sharing_enabled":true,"_links":{"self":[{"href":"https:\/\/www.salzburgerheimatwerk.at\/en\/wp-json\/wp\/v2\/product\/312748","targetHints":{"allow":["GET"]}}],"collection":[{"href":"https:\/\/www.salzburgerheimatwerk.at\/en\/wp-json\/wp\/v2\/product"}],"about":[{"href":"https:\/\/www.salzburgerheimatwerk.at\/en\/wp-json\/wp\/v2\/types\/product"}],"wp:featuredmedia":[{"embeddable":true,"href":"https:\/\/www.salzburgerheimatwerk.at\/en\/wp-json\/wp\/v2\/media\/343667"}],"wp:attachment":[{"href":"https:\/\/www.salzburgerheimatwerk.at\/en\/wp-json\/wp\/v2\/media?parent=312748"}],"wp:term":[{"taxonomy":"product_brand","embeddable":true,"href":"https:\/\/www.salzburgerheimatwerk.at\/en\/wp-json\/wp\/v2\/product_brand?post=312748"},{"taxonomy":"product_cat","embeddable":true,"href":"https:\/\/www.salzburgerheimatwerk.at\/en\/wp-json\/wp\/v2\/product_cat?post=312748"},{"taxonomy":"product_tag","embeddable":true,"href":"https:\/\/www.salzburgerheimatwerk.at\/en\/wp-json\/wp\/v2\/product_tag?post=312748"}],"curies":[{"name":"wp","href":"https:\/\/api.w.org\/{rel}","templated":true}]}}