{"id":312762,"date":"2024-03-24T07:18:17","date_gmt":"2024-03-24T06:18:17","guid":{"rendered":"https:\/\/www.salzburgerheimatwerk.at\/produkt\/herrenweste-handdruck\/"},"modified":"2026-04-28T18:25:14","modified_gmt":"2026-04-28T16:25:14","slug":"herrenweste-handdruck","status":"publish","type":"product","link":"https:\/\/www.salzburgerheimatwerk.at\/en\/produkt\/herrenweste-handdruck\/","title":{"rendered":"Herrenweste Handdruck"},"content":{"rendered":"<p>Herrenweste aus Leinen mit Ausseer Handdruck aus der hauseigenen Heimatwerk N\u00e4hwerkstatt. Diese frische Herrenweste passt wunderbar zur Lederhose oder auch zu sportlichen Ledershortys oder klassischen Hosen. Sie frischt jedes Outfit auf und zeigt von hochwertigster Handarbeit und Liebe zum Detail. Zwei Taschen, Stehkragen, Handgen\u00e4hte Knopfl\u00f6cher sowie Metallkn\u00f6pfe mit Einlegearbeit zieren die Vorderseite. R\u00fccken aus Baumwolle mit Schlie\u00dfe. Komplett mit Futterseide gef\u00fcttert. Diese wertige Weste zeigt Handwerk auf h\u00f6chster Ebene.<\/p>\n","protected":false},"excerpt":{"rendered":"<p>Herrenweste aus Leinen mit Ausseer Handdruck aus der hauseigenen Heimatwerk N\u00e4hwerkstatt. Diese frische Herrenweste passt wunderbar zur Lederhose oder auch zu sportlichen Ledershortys oder&#8230;<\/p>\n","protected":false},"featured_media":343671,"template":"","meta":{"_acf_changed":false},"product_brand":[],"product_cat":[59,63],"product_tag":[2335],"class_list":{"0":"post-312762","1":"product","2":"type-product","3":"status-publish","4":"has-post-thumbnail","6":"pricegroup-166","7":"pricegroup-817","8":"productgroup-174","9":"productgroup-818","10":"product_cat-herrentracht","11":"product_cat-westen","12":"product_tag-herrenweste-handdruck","13":"pa_farbe-mehrfarbig","15":"first","16":"instock","17":"taxable","18":"shipping-taxable","19":"purchasable","20":"product-type-variable","21":"has-default-attributes"},"acf":[],"jetpack_sharing_enabled":true,"_links":{"self":[{"href":"https:\/\/www.salzburgerheimatwerk.at\/en\/wp-json\/wp\/v2\/product\/312762","targetHints":{"allow":["GET"]}}],"collection":[{"href":"https:\/\/www.salzburgerheimatwerk.at\/en\/wp-json\/wp\/v2\/product"}],"about":[{"href":"https:\/\/www.salzburgerheimatwerk.at\/en\/wp-json\/wp\/v2\/types\/product"}],"wp:featuredmedia":[{"embeddable":true,"href":"https:\/\/www.salzburgerheimatwerk.at\/en\/wp-json\/wp\/v2\/media\/343671"}],"wp:attachment":[{"href":"https:\/\/www.salzburgerheimatwerk.at\/en\/wp-json\/wp\/v2\/media?parent=312762"}],"wp:term":[{"taxonomy":"product_brand","embeddable":true,"href":"https:\/\/www.salzburgerheimatwerk.at\/en\/wp-json\/wp\/v2\/product_brand?post=312762"},{"taxonomy":"product_cat","embeddable":true,"href":"https:\/\/www.salzburgerheimatwerk.at\/en\/wp-json\/wp\/v2\/product_cat?post=312762"},{"taxonomy":"product_tag","embeddable":true,"href":"https:\/\/www.salzburgerheimatwerk.at\/en\/wp-json\/wp\/v2\/product_tag?post=312762"}],"curies":[{"name":"wp","href":"https:\/\/api.w.org\/{rel}","templated":true}]}}