{"id":312849,"date":"2024-03-29T07:16:02","date_gmt":"2024-03-29T06:16:02","guid":{"rendered":"https:\/\/www.salzburgerheimatwerk.at\/produkt\/damenrock-lang\/"},"modified":"2026-04-28T18:25:14","modified_gmt":"2026-04-28T16:25:14","slug":"damenrock-lang","status":"publish","type":"product","link":"https:\/\/www.salzburgerheimatwerk.at\/en\/produkt\/damenrock-lang\/","title":{"rendered":"Damenrock lang"},"content":{"rendered":"<p>Unser Rock Bleamal sitzt wie der Classic-Rock in der Taille und hat eine sehr moderne L\u00e4nge von 90 cm. Wandelbar kreierst Du Deinen Look, je nachdem ob Du den Rock mit Spenzer, Bluse oder Jacke kombinierst. Deine Silhouette ist auf jeden Fall klassisch modern. Der Rock hat zwei praktische Taschen an den Seiten. Den Print aus dem Hause Rockmacherin haben wir in diesem Jahr frisch in Salbei\/Mint wieder aufgelegt, weil wir so begeistert sind vom grafischen und trotzdem femininen Charakter des Drucks. Die Passe aus Leinen nimmt die Farben des Hauptteils aus Baumwolle auf, zwei Paspeln setzen Rockmacherin -typische Akzente.<br \/>\nWarum hei\u00dft dieses Rockmodel wohl Bleamal? Erraten? Wegen der liebenswerten gelben Tupfer im sch\u00f6nen Salbei-Mint-Gemisch, das sich super mit vielem kombinieren l\u00e4\u00dft. Ideale Begleiter sind Beige, Oliv, Mint und Wei\u00df.<\/p>\n<p>Mit viel Liebe zum Detail in Bayern gefertigt.<\/p>\n<p>Unser Model ist 1,75 m gro\u00df und tr\u00e4gt den Rock in Gr\u00f6\u00dfe XL. Dazu haben wir Spenzer Nanni Aigner in Wei\u00df und Strickjacke Florentine in Oliv kombiniert.<\/p>\n","protected":false},"excerpt":{"rendered":"<p>Unser Rock Bleamal sitzt wie der Classic-Rock in der Taille und hat eine sehr moderne L\u00e4nge von 90 cm. Wandelbar kreierst Du Deinen Look,&#8230;<\/p>\n","protected":false},"featured_media":343620,"template":"","meta":{"_acf_changed":false},"product_brand":[],"product_cat":[48,50],"product_tag":[2336],"class_list":{"0":"post-312849","1":"product","2":"type-product","3":"status-publish","4":"has-post-thumbnail","6":"pricegroup-289","7":"pricegroup-202","8":"productgroup-290","9":"productgroup-204","10":"product_cat-damentracht","11":"product_cat-roecke-hosen","12":"product_tag-rock-bleamal","13":"pa_farbe-gelb","14":"pa_farbe-mehrfarbig","15":"pa_farbe-gruen","17":"first","18":"instock","19":"taxable","20":"shipping-taxable","21":"purchasable","22":"product-type-variable","23":"has-default-attributes"},"acf":[],"jetpack_sharing_enabled":true,"_links":{"self":[{"href":"https:\/\/www.salzburgerheimatwerk.at\/en\/wp-json\/wp\/v2\/product\/312849","targetHints":{"allow":["GET"]}}],"collection":[{"href":"https:\/\/www.salzburgerheimatwerk.at\/en\/wp-json\/wp\/v2\/product"}],"about":[{"href":"https:\/\/www.salzburgerheimatwerk.at\/en\/wp-json\/wp\/v2\/types\/product"}],"wp:featuredmedia":[{"embeddable":true,"href":"https:\/\/www.salzburgerheimatwerk.at\/en\/wp-json\/wp\/v2\/media\/343620"}],"wp:attachment":[{"href":"https:\/\/www.salzburgerheimatwerk.at\/en\/wp-json\/wp\/v2\/media?parent=312849"}],"wp:term":[{"taxonomy":"product_brand","embeddable":true,"href":"https:\/\/www.salzburgerheimatwerk.at\/en\/wp-json\/wp\/v2\/product_brand?post=312849"},{"taxonomy":"product_cat","embeddable":true,"href":"https:\/\/www.salzburgerheimatwerk.at\/en\/wp-json\/wp\/v2\/product_cat?post=312849"},{"taxonomy":"product_tag","embeddable":true,"href":"https:\/\/www.salzburgerheimatwerk.at\/en\/wp-json\/wp\/v2\/product_tag?post=312849"}],"curies":[{"name":"wp","href":"https:\/\/api.w.org\/{rel}","templated":true}]}}