{"id":312860,"date":"2024-03-29T07:16:06","date_gmt":"2024-03-29T06:16:06","guid":{"rendered":"https:\/\/www.salzburgerheimatwerk.at\/produkt\/damenrock-liegeschdui\/"},"modified":"2026-04-28T20:25:11","modified_gmt":"2026-04-28T18:25:11","slug":"damenrock-liegeschdui","status":"publish","type":"product","link":"https:\/\/www.salzburgerheimatwerk.at\/en\/produkt\/damenrock-liegeschdui\/","title":{"rendered":"Damenrock Liegeschdui"},"content":{"rendered":"<p>Die einzigartige Kombination von Materialien, Farben, Mustern und erlesenen Schmuckkn\u00f6pfen zeichnet den Rockmacherin-Klassiker aus. Der Rock hat eine Tasche auf der linken Seite, eine formende Passe und er umschmeichelt deine Beine herrlich schwingend. Du bist immer passend gekleidet: Ob im Alltag, bei der Arbeit, im Konzert oder beim fr\u00f6hlichen Treffen mit Freunden.<br \/>\nWei\u00df-Blau ist einfach eine unschlagbar frische, sommerliche Kombination. Das Streifenmuster des Liegeschdui ist aus einer reinen Baumwoll\/Leinen-Mischung und erinnert an einen Nordsee-Strandkorb. Der Urlaub kann kommen!<\/p>\n<p>Mit viel Liebe zum Detail in Bayern gefertigt.<\/p>\n<p>Unser Model tr\u00e4gt den Rock in der Classic-L\u00e4nge in Gr\u00f6\u00dfe XS. Unsere Variante ist jedoch in YOUNG und f\u00e4llt daher etwas k\u00fcrzer aus. Dazu kombiniert haben wir Bluse Edda in Wei\u00df und die Jeansweste Resal.<\/p>\n","protected":false},"excerpt":{"rendered":"<p>Die einzigartige Kombination von Materialien, Farben, Mustern und erlesenen Schmuckkn\u00f6pfen zeichnet den Rockmacherin-Klassiker aus. Der Rock hat eine Tasche auf der linken Seite, eine&#8230;<\/p>\n","protected":false},"featured_media":343626,"template":"","meta":{"_acf_changed":false},"product_brand":[],"product_cat":[48,50],"product_tag":[1922],"class_list":{"0":"post-312860","1":"product","2":"type-product","3":"status-publish","4":"has-post-thumbnail","6":"pricegroup-202","7":"pricegroup-289","8":"productgroup-204","9":"productgroup-290","10":"product_cat-damentracht","11":"product_cat-roecke-hosen","12":"product_tag-damenrock","13":"pa_farbe-mehrfarbig","14":"pa_farbe-blau","16":"first","17":"instock","18":"taxable","19":"shipping-taxable","20":"purchasable","21":"product-type-variable","22":"has-default-attributes"},"acf":[],"jetpack_sharing_enabled":true,"_links":{"self":[{"href":"https:\/\/www.salzburgerheimatwerk.at\/en\/wp-json\/wp\/v2\/product\/312860","targetHints":{"allow":["GET"]}}],"collection":[{"href":"https:\/\/www.salzburgerheimatwerk.at\/en\/wp-json\/wp\/v2\/product"}],"about":[{"href":"https:\/\/www.salzburgerheimatwerk.at\/en\/wp-json\/wp\/v2\/types\/product"}],"wp:featuredmedia":[{"embeddable":true,"href":"https:\/\/www.salzburgerheimatwerk.at\/en\/wp-json\/wp\/v2\/media\/343626"}],"wp:attachment":[{"href":"https:\/\/www.salzburgerheimatwerk.at\/en\/wp-json\/wp\/v2\/media?parent=312860"}],"wp:term":[{"taxonomy":"product_brand","embeddable":true,"href":"https:\/\/www.salzburgerheimatwerk.at\/en\/wp-json\/wp\/v2\/product_brand?post=312860"},{"taxonomy":"product_cat","embeddable":true,"href":"https:\/\/www.salzburgerheimatwerk.at\/en\/wp-json\/wp\/v2\/product_cat?post=312860"},{"taxonomy":"product_tag","embeddable":true,"href":"https:\/\/www.salzburgerheimatwerk.at\/en\/wp-json\/wp\/v2\/product_tag?post=312860"}],"curies":[{"name":"wp","href":"https:\/\/api.w.org\/{rel}","templated":true}]}}