{"id":312884,"date":"2024-03-30T07:16:03","date_gmt":"2024-03-30T06:16:03","guid":{"rendered":"https:\/\/www.salzburgerheimatwerk.at\/produkt\/leichte-sommerbluse\/"},"modified":"2026-04-28T18:25:12","modified_gmt":"2026-04-28T16:25:12","slug":"leichte-sommerbluse","status":"publish","type":"product","link":"https:\/\/www.salzburgerheimatwerk.at\/en\/produkt\/leichte-sommerbluse\/","title":{"rendered":"Leichte Sommerbluse"},"content":{"rendered":"<p>Die Leichtigkeit des Sommers auf der Haut sp\u00fcren \u2013 unsere Bluse Edda ist der Inbegriff genau dieses Gef\u00fchl. Unglaublich angenehm umstreicht die feine Seiden-Baumwoll-Mischung deine Haut wie eine leichte Sommerbrise. Der s\u00fc\u00dfe R\u00fcschenkragen wird durch ein Gummi in Form gehalten, ideal f\u00fcrs unkomplizierte Hineinschl\u00fcpfen. Weil der Stoff so wundersch\u00f6n flie\u00dfend ist, passt sich der Faltenwurf bei jeder Gr\u00f6\u00dfe optimal an. Damit die zarte Bluse in A-Linie nicht zu durchscheinend wird, ist das Vorderteil doppellagig. Unter uns\u2026die will man gar nicht mehr ausziehen!<br \/>\nWie ein leichtes Zitronensorbet lockt, die Edda in zartem Gelb.<\/p>\n<p>Unser Model ist 1,74 m gro\u00df und tr\u00e4gt die Gr\u00f6\u00dfe XS. Kombiniert ist die Bluse hier mit unserem gekn\u00f6pften Klassiker Bodweda.<\/p>\n","protected":false},"excerpt":{"rendered":"<p>Die Leichtigkeit des Sommers auf der Haut sp\u00fcren \u2013 unsere Bluse Edda ist der Inbegriff genau dieses Gef\u00fchl. Unglaublich angenehm umstreicht die feine Seiden-Baumwoll-Mischung&#8230;<\/p>\n","protected":false},"featured_media":343630,"template":"","meta":{"_acf_changed":false},"product_brand":[],"product_cat":[48,52],"product_tag":[258],"class_list":{"0":"post-312884","1":"product","2":"type-product","3":"status-publish","4":"has-post-thumbnail","6":"pricegroup-256","7":"pricegroup-202","8":"productgroup-257","9":"productgroup-204","10":"product_cat-damentracht","11":"product_cat-blusen-shirts","12":"product_tag-damenbluse","13":"pa_farbe-gelb","15":"first","16":"instock","17":"taxable","18":"shipping-taxable","19":"purchasable","20":"product-type-variable","21":"has-default-attributes"},"acf":[],"jetpack_sharing_enabled":true,"_links":{"self":[{"href":"https:\/\/www.salzburgerheimatwerk.at\/en\/wp-json\/wp\/v2\/product\/312884","targetHints":{"allow":["GET"]}}],"collection":[{"href":"https:\/\/www.salzburgerheimatwerk.at\/en\/wp-json\/wp\/v2\/product"}],"about":[{"href":"https:\/\/www.salzburgerheimatwerk.at\/en\/wp-json\/wp\/v2\/types\/product"}],"wp:featuredmedia":[{"embeddable":true,"href":"https:\/\/www.salzburgerheimatwerk.at\/en\/wp-json\/wp\/v2\/media\/343630"}],"wp:attachment":[{"href":"https:\/\/www.salzburgerheimatwerk.at\/en\/wp-json\/wp\/v2\/media?parent=312884"}],"wp:term":[{"taxonomy":"product_brand","embeddable":true,"href":"https:\/\/www.salzburgerheimatwerk.at\/en\/wp-json\/wp\/v2\/product_brand?post=312884"},{"taxonomy":"product_cat","embeddable":true,"href":"https:\/\/www.salzburgerheimatwerk.at\/en\/wp-json\/wp\/v2\/product_cat?post=312884"},{"taxonomy":"product_tag","embeddable":true,"href":"https:\/\/www.salzburgerheimatwerk.at\/en\/wp-json\/wp\/v2\/product_tag?post=312884"}],"curies":[{"name":"wp","href":"https:\/\/api.w.org\/{rel}","templated":true}]}}