{"id":312893,"date":"2024-03-30T07:16:05","date_gmt":"2024-03-30T06:16:05","guid":{"rendered":"https:\/\/www.salzburgerheimatwerk.at\/produkt\/bluse-im-kimono-stil\/"},"modified":"2026-04-28T18:25:13","modified_gmt":"2026-04-28T16:25:13","slug":"bluse-im-kimono-stil","status":"publish","type":"product","link":"https:\/\/www.salzburgerheimatwerk.at\/en\/produkt\/bluse-im-kimono-stil\/","title":{"rendered":"Bluse im Kimono-Stil"},"content":{"rendered":"<p>Im Kimono-Stil sind die \u00c4rmel der Bluse Oana ohne Naht raffiniert mit dem Vorderteil in einem St\u00fcck geschnitten. Weite Gummis an den \u00c4rmeln verleihen Oana einen Hauch von Puff\u00e4rmel. Sie passt perfekt zu jedem unserer R\u00f6cke und Hosen.<br \/>\nDie elastische Baumwoll-Mischung gl\u00e4nzt leicht und verleiht deinem Outfit das \u201eWow\u201c.<br \/>\nWir finden, wei\u00dfe Blusen kann frau nicht genug haben.<\/p>\n<p>Unser Model ist 1,74 m gro\u00df und tr\u00e4gt die Gr\u00f6\u00dfe XS.<\/p>\n","protected":false},"excerpt":{"rendered":"<p>Im Kimono-Stil sind die \u00c4rmel der Bluse Oana ohne Naht raffiniert mit dem Vorderteil in einem St\u00fcck geschnitten. Weite Gummis an den \u00c4rmeln verleihen&#8230;<\/p>\n","protected":false},"featured_media":343633,"template":"","meta":{"_acf_changed":false},"product_brand":[],"product_cat":[48,52],"product_tag":[258],"class_list":{"0":"post-312893","1":"product","2":"type-product","3":"status-publish","4":"has-post-thumbnail","6":"pricegroup-256","7":"pricegroup-202","8":"productgroup-204","9":"productgroup-257","10":"product_cat-damentracht","11":"product_cat-blusen-shirts","12":"product_tag-damenbluse","13":"pa_farbe-weiss","15":"first","16":"instock","17":"taxable","18":"shipping-taxable","19":"purchasable","20":"product-type-variable","21":"has-default-attributes"},"acf":[],"jetpack_sharing_enabled":true,"_links":{"self":[{"href":"https:\/\/www.salzburgerheimatwerk.at\/en\/wp-json\/wp\/v2\/product\/312893","targetHints":{"allow":["GET"]}}],"collection":[{"href":"https:\/\/www.salzburgerheimatwerk.at\/en\/wp-json\/wp\/v2\/product"}],"about":[{"href":"https:\/\/www.salzburgerheimatwerk.at\/en\/wp-json\/wp\/v2\/types\/product"}],"wp:featuredmedia":[{"embeddable":true,"href":"https:\/\/www.salzburgerheimatwerk.at\/en\/wp-json\/wp\/v2\/media\/343633"}],"wp:attachment":[{"href":"https:\/\/www.salzburgerheimatwerk.at\/en\/wp-json\/wp\/v2\/media?parent=312893"}],"wp:term":[{"taxonomy":"product_brand","embeddable":true,"href":"https:\/\/www.salzburgerheimatwerk.at\/en\/wp-json\/wp\/v2\/product_brand?post=312893"},{"taxonomy":"product_cat","embeddable":true,"href":"https:\/\/www.salzburgerheimatwerk.at\/en\/wp-json\/wp\/v2\/product_cat?post=312893"},{"taxonomy":"product_tag","embeddable":true,"href":"https:\/\/www.salzburgerheimatwerk.at\/en\/wp-json\/wp\/v2\/product_tag?post=312893"}],"curies":[{"name":"wp","href":"https:\/\/api.w.org\/{rel}","templated":true}]}}