{"id":312903,"date":"2024-03-30T07:16:08","date_gmt":"2024-03-30T06:16:08","guid":{"rendered":"https:\/\/www.salzburgerheimatwerk.at\/produkt\/jeansrock-soellbach\/"},"modified":"2026-04-28T18:25:13","modified_gmt":"2026-04-28T16:25:13","slug":"jeansrock-soellbach","status":"publish","type":"product","link":"https:\/\/www.salzburgerheimatwerk.at\/en\/produkt\/jeansrock-soellbach\/","title":{"rendered":"Jeansrock S\u00f6llbach"},"content":{"rendered":"<p>Schon jetzt ist der S\u00f6llbach unser Lieblingsst\u00fcck. Die reine Baumwoll-Leinenmischung in Jeansoptik schwingt bei jedem Schritt auf Wadenl\u00e4nge. Typisch f\u00fcr jede Jeans hat auch dieser Rock farblich abgesetzte Ziern\u00e4hte und ist vorgewaschen, was jeden Rock zu einem Unikat macht. Besonders h\u00fcbsch sind die Perlmuttkn\u00f6pfe, mit denen der Rock auf der R\u00fcckseite geschlossen wird. Zwei Seitentaschen lassen Platz f\u00fcr Handy oder Geld.<\/p>\n<p>Unser Model ist 1,74 m gro\u00df und tr\u00e4gt den Rock in Gr\u00f6\u00dfe XS. Dazu kombiniert haben wir die fein karierte Seersucker-Bluse Oana.<\/p>\n","protected":false},"excerpt":{"rendered":"<p>Schon jetzt ist der S\u00f6llbach unser Lieblingsst\u00fcck. Die reine Baumwoll-Leinenmischung in Jeansoptik schwingt bei jedem Schritt auf Wadenl\u00e4nge. Typisch f\u00fcr jede Jeans hat auch&#8230;<\/p>\n","protected":false},"featured_media":343636,"template":"","meta":{"_acf_changed":false},"product_brand":[],"product_cat":[1220,48,50],"product_tag":[1922],"class_list":{"0":"post-312903","1":"product","2":"type-product","3":"status-publish","4":"has-post-thumbnail","6":"pricegroup-202","7":"pricegroup-289","8":"productgroup-204","9":"productgroup-290","10":"product_cat-sale","11":"product_cat-damentracht","12":"product_cat-roecke-hosen","13":"product_tag-damenrock","15":"first","16":"instock","17":"sale","18":"taxable","19":"shipping-taxable","20":"purchasable","21":"product-type-variable","22":"has-default-attributes"},"acf":[],"jetpack_sharing_enabled":true,"_links":{"self":[{"href":"https:\/\/www.salzburgerheimatwerk.at\/en\/wp-json\/wp\/v2\/product\/312903","targetHints":{"allow":["GET"]}}],"collection":[{"href":"https:\/\/www.salzburgerheimatwerk.at\/en\/wp-json\/wp\/v2\/product"}],"about":[{"href":"https:\/\/www.salzburgerheimatwerk.at\/en\/wp-json\/wp\/v2\/types\/product"}],"wp:featuredmedia":[{"embeddable":true,"href":"https:\/\/www.salzburgerheimatwerk.at\/en\/wp-json\/wp\/v2\/media\/343636"}],"wp:attachment":[{"href":"https:\/\/www.salzburgerheimatwerk.at\/en\/wp-json\/wp\/v2\/media?parent=312903"}],"wp:term":[{"taxonomy":"product_brand","embeddable":true,"href":"https:\/\/www.salzburgerheimatwerk.at\/en\/wp-json\/wp\/v2\/product_brand?post=312903"},{"taxonomy":"product_cat","embeddable":true,"href":"https:\/\/www.salzburgerheimatwerk.at\/en\/wp-json\/wp\/v2\/product_cat?post=312903"},{"taxonomy":"product_tag","embeddable":true,"href":"https:\/\/www.salzburgerheimatwerk.at\/en\/wp-json\/wp\/v2\/product_tag?post=312903"}],"curies":[{"name":"wp","href":"https:\/\/api.w.org\/{rel}","templated":true}]}}