{"id":312922,"date":"2024-03-30T07:16:51","date_gmt":"2024-03-30T06:16:51","guid":{"rendered":"https:\/\/www.salzburgerheimatwerk.at\/produkt\/damenrock-gelb\/"},"modified":"2026-04-28T18:27:09","modified_gmt":"2026-04-28T16:27:09","slug":"damenrock-gelb","status":"publish","type":"product","link":"https:\/\/www.salzburgerheimatwerk.at\/en\/produkt\/damenrock-gelb\/","title":{"rendered":"Damenrock gelb"},"content":{"rendered":"<p>Kniebedeckt setzt der Kalo aus OEKOTEX-zertifizierter Baumwolle in Midi-L\u00e4nge deine Waden in Szene. Der Formbund schmeichelt deiner Taille. Der Rock mit zwei seitlichen Taschen wird mit einem Rei\u00dfverschluss an der R\u00fcckseite geschlossen. Die sch\u00f6ne Bord\u00fcre aus Rockmacherin eigenem Druck verleiht deinem Rock einen folkloristischen Charakter.<br \/>\nDas frische Zartgelb wirkt wie ein feines Zitronensorbet, gute Laune zum Anziehen.<\/p>\n","protected":false},"excerpt":{"rendered":"<p>Kniebedeckt setzt der Kalo aus OEKOTEX-zertifizierter Baumwolle in Midi-L\u00e4nge deine Waden in Szene. Der Formbund schmeichelt deiner Taille. Der Rock mit zwei seitlichen Taschen&#8230;<\/p>\n","protected":false},"featured_media":343688,"template":"","meta":{"_acf_changed":false},"product_brand":[],"product_cat":[48,50],"product_tag":[1922],"class_list":{"0":"post-312922","1":"product","2":"type-product","3":"status-publish","4":"has-post-thumbnail","6":"pricegroup-289","7":"pricegroup-202","8":"productgroup-290","9":"productgroup-204","10":"product_cat-damentracht","11":"product_cat-roecke-hosen","12":"product_tag-damenrock","13":"pa_farbe-blau","14":"pa_farbe-gelb","15":"pa_farbe-mehrfarbig","17":"first","18":"instock","19":"taxable","20":"shipping-taxable","21":"purchasable","22":"product-type-variable","23":"has-default-attributes"},"acf":[],"jetpack_sharing_enabled":true,"_links":{"self":[{"href":"https:\/\/www.salzburgerheimatwerk.at\/en\/wp-json\/wp\/v2\/product\/312922","targetHints":{"allow":["GET"]}}],"collection":[{"href":"https:\/\/www.salzburgerheimatwerk.at\/en\/wp-json\/wp\/v2\/product"}],"about":[{"href":"https:\/\/www.salzburgerheimatwerk.at\/en\/wp-json\/wp\/v2\/types\/product"}],"wp:featuredmedia":[{"embeddable":true,"href":"https:\/\/www.salzburgerheimatwerk.at\/en\/wp-json\/wp\/v2\/media\/343688"}],"wp:attachment":[{"href":"https:\/\/www.salzburgerheimatwerk.at\/en\/wp-json\/wp\/v2\/media?parent=312922"}],"wp:term":[{"taxonomy":"product_brand","embeddable":true,"href":"https:\/\/www.salzburgerheimatwerk.at\/en\/wp-json\/wp\/v2\/product_brand?post=312922"},{"taxonomy":"product_cat","embeddable":true,"href":"https:\/\/www.salzburgerheimatwerk.at\/en\/wp-json\/wp\/v2\/product_cat?post=312922"},{"taxonomy":"product_tag","embeddable":true,"href":"https:\/\/www.salzburgerheimatwerk.at\/en\/wp-json\/wp\/v2\/product_tag?post=312922"}],"curies":[{"name":"wp","href":"https:\/\/api.w.org\/{rel}","templated":true}]}}