{"id":313187,"date":"2024-04-06T08:18:02","date_gmt":"2024-04-06T06:18:02","guid":{"rendered":"https:\/\/www.salzburgerheimatwerk.at\/produkt\/damenpumps-antikbock-hell\/"},"modified":"2026-04-28T18:25:10","modified_gmt":"2026-04-28T16:25:10","slug":"damenpumps-antikbock-hell","status":"publish","type":"product","link":"https:\/\/www.salzburgerheimatwerk.at\/en\/produkt\/damenpumps-antikbock-hell\/","title":{"rendered":"Damenpumps Antikbock hell"},"content":{"rendered":"<p>Sch\u00f6ner Wildbock Damenpumps in sch\u00f6nem Steingrau von Dirndl und Bua. Dazu gibt es auch die passende Ledertasche mit Umh\u00e4ngeriemen.<\/p>\n","protected":false},"excerpt":{"rendered":"<p>Sch\u00f6ner Wildbock Damenpumps in sch\u00f6nem Steingrau von Dirndl und Bua. Dazu gibt es auch die passende Ledertasche mit&#8230;<\/p>\n","protected":false},"featured_media":343581,"template":"","meta":{"_acf_changed":false},"product_brand":[],"product_cat":[48,58],"product_tag":[1883],"class_list":{"0":"post-313187","1":"product","2":"type-product","3":"status-publish","4":"has-post-thumbnail","6":"pricegroup-354","7":"pricegroup-202","8":"productgroup-204","9":"productgroup-355","10":"product_cat-damentracht","11":"product_cat-schuhe-taschen","12":"product_tag-damenschuh","14":"first","15":"instock","16":"taxable","17":"shipping-taxable","18":"purchasable","19":"product-type-variable","20":"has-default-attributes"},"acf":[],"jetpack_sharing_enabled":true,"_links":{"self":[{"href":"https:\/\/www.salzburgerheimatwerk.at\/en\/wp-json\/wp\/v2\/product\/313187","targetHints":{"allow":["GET"]}}],"collection":[{"href":"https:\/\/www.salzburgerheimatwerk.at\/en\/wp-json\/wp\/v2\/product"}],"about":[{"href":"https:\/\/www.salzburgerheimatwerk.at\/en\/wp-json\/wp\/v2\/types\/product"}],"wp:featuredmedia":[{"embeddable":true,"href":"https:\/\/www.salzburgerheimatwerk.at\/en\/wp-json\/wp\/v2\/media\/343581"}],"wp:attachment":[{"href":"https:\/\/www.salzburgerheimatwerk.at\/en\/wp-json\/wp\/v2\/media?parent=313187"}],"wp:term":[{"taxonomy":"product_brand","embeddable":true,"href":"https:\/\/www.salzburgerheimatwerk.at\/en\/wp-json\/wp\/v2\/product_brand?post=313187"},{"taxonomy":"product_cat","embeddable":true,"href":"https:\/\/www.salzburgerheimatwerk.at\/en\/wp-json\/wp\/v2\/product_cat?post=313187"},{"taxonomy":"product_tag","embeddable":true,"href":"https:\/\/www.salzburgerheimatwerk.at\/en\/wp-json\/wp\/v2\/product_tag?post=313187"}],"curies":[{"name":"wp","href":"https:\/\/api.w.org\/{rel}","templated":true}]}}