{"id":313302,"date":"2024-04-06T08:18:35","date_gmt":"2024-04-06T06:18:35","guid":{"rendered":"https:\/\/www.salzburgerheimatwerk.at\/produkt\/slingpumps-ziegenvelour-seide\/"},"modified":"2026-04-28T21:25:09","modified_gmt":"2026-04-28T19:25:09","slug":"slingpumps-ziegenvelour-seide","status":"publish","type":"product","link":"https:\/\/www.salzburgerheimatwerk.at\/en\/produkt\/slingpumps-ziegenvelour-seide\/","title":{"rendered":"Slingpumps Ziegenvelour\/Seide"},"content":{"rendered":"<p>Wundersch\u00f6ner Damen-Slingpumps in herrlichem Ziegenvelours mit Seide kombiniert in beige. Angenehme H\u00f6he passt perfekt zu jedem sommerlichen Outfit. Qualit\u00e4tsschuh von Dirndl &#038; Bua.<\/p>\n","protected":false},"excerpt":{"rendered":"<p>Wundersch\u00f6ner Damen-Slingpumps in herrlichem Ziegenvelours mit Seide kombiniert in beige. Angenehme H\u00f6he passt perfekt zu jedem sommerlichen Outfit. Qualit\u00e4tsschuh von Dirndl &#038;&#8230;<\/p>\n","protected":false},"featured_media":343590,"template":"","meta":{"_acf_changed":false},"product_brand":[],"product_cat":[48,58,1220],"product_tag":[1883],"class_list":{"0":"post-313302","1":"product","2":"type-product","3":"status-publish","4":"has-post-thumbnail","6":"pricegroup-354","7":"pricegroup-202","8":"productgroup-204","9":"productgroup-355","10":"product_cat-damentracht","11":"product_cat-schuhe-taschen","12":"product_cat-sale","13":"product_tag-damenschuh","14":"pa_farbe-beige","16":"first","17":"instock","18":"sale","19":"taxable","20":"shipping-taxable","21":"purchasable","22":"product-type-variable","23":"has-default-attributes"},"acf":[],"jetpack_sharing_enabled":true,"_links":{"self":[{"href":"https:\/\/www.salzburgerheimatwerk.at\/en\/wp-json\/wp\/v2\/product\/313302","targetHints":{"allow":["GET"]}}],"collection":[{"href":"https:\/\/www.salzburgerheimatwerk.at\/en\/wp-json\/wp\/v2\/product"}],"about":[{"href":"https:\/\/www.salzburgerheimatwerk.at\/en\/wp-json\/wp\/v2\/types\/product"}],"wp:featuredmedia":[{"embeddable":true,"href":"https:\/\/www.salzburgerheimatwerk.at\/en\/wp-json\/wp\/v2\/media\/343590"}],"wp:attachment":[{"href":"https:\/\/www.salzburgerheimatwerk.at\/en\/wp-json\/wp\/v2\/media?parent=313302"}],"wp:term":[{"taxonomy":"product_brand","embeddable":true,"href":"https:\/\/www.salzburgerheimatwerk.at\/en\/wp-json\/wp\/v2\/product_brand?post=313302"},{"taxonomy":"product_cat","embeddable":true,"href":"https:\/\/www.salzburgerheimatwerk.at\/en\/wp-json\/wp\/v2\/product_cat?post=313302"},{"taxonomy":"product_tag","embeddable":true,"href":"https:\/\/www.salzburgerheimatwerk.at\/en\/wp-json\/wp\/v2\/product_tag?post=313302"}],"curies":[{"name":"wp","href":"https:\/\/api.w.org\/{rel}","templated":true}]}}