{"id":313984,"date":"2024-04-19T08:18:02","date_gmt":"2024-04-19T06:18:02","guid":{"rendered":"https:\/\/www.salzburgerheimatwerk.at\/produkt\/kaschmir-jacke-beere\/"},"modified":"2026-04-28T20:25:12","modified_gmt":"2026-04-28T18:25:12","slug":"kaschmir-jacke-beere","status":"publish","type":"product","link":"https:\/\/www.salzburgerheimatwerk.at\/en\/produkt\/kaschmir-jacke-beere\/","title":{"rendered":"Kaschmir Jacke Beere"},"content":{"rendered":"<p>Offenes, kuscheliges Kaschmir J\u00e4ckchen in Beere. Das kleine J\u00e4ckchen mit feinem Lochmuster tr\u00e4gt sich fantastisch unkompliziert \u00fcber zarten Tops oder Dessous und ist durch den Kaschmiranteil im Garn superweich. Das Strickj\u00e4ckchen wird ohne Verschluss getragen und passt sowohl zu klassischer Mode als auch zu Tracht.<\/p>\n","protected":false},"excerpt":{"rendered":"<p>Offenes, kuscheliges Kaschmir J\u00e4ckchen in Beere. Das kleine J\u00e4ckchen mit feinem Lochmuster tr\u00e4gt sich fantastisch unkompliziert \u00fcber zarten Tops oder Dessous und ist durch&#8230;<\/p>\n","protected":false},"featured_media":343699,"template":"","meta":{"_acf_changed":false},"product_brand":[],"product_cat":[48,53],"product_tag":[2339],"class_list":{"0":"post-313984","1":"product","2":"type-product","3":"status-publish","4":"has-post-thumbnail","6":"pricegroup-232","7":"pricegroup-202","8":"productgroup-233","9":"productgroup-204","10":"product_cat-damentracht","11":"product_cat-strick-walk","12":"product_tag-cashmere-jacke","13":"pa_farbe-rosa","15":"first","16":"instock","17":"taxable","18":"shipping-taxable","19":"purchasable","20":"product-type-variable","21":"has-default-attributes"},"acf":[],"jetpack_sharing_enabled":true,"_links":{"self":[{"href":"https:\/\/www.salzburgerheimatwerk.at\/en\/wp-json\/wp\/v2\/product\/313984","targetHints":{"allow":["GET"]}}],"collection":[{"href":"https:\/\/www.salzburgerheimatwerk.at\/en\/wp-json\/wp\/v2\/product"}],"about":[{"href":"https:\/\/www.salzburgerheimatwerk.at\/en\/wp-json\/wp\/v2\/types\/product"}],"wp:featuredmedia":[{"embeddable":true,"href":"https:\/\/www.salzburgerheimatwerk.at\/en\/wp-json\/wp\/v2\/media\/343699"}],"wp:attachment":[{"href":"https:\/\/www.salzburgerheimatwerk.at\/en\/wp-json\/wp\/v2\/media?parent=313984"}],"wp:term":[{"taxonomy":"product_brand","embeddable":true,"href":"https:\/\/www.salzburgerheimatwerk.at\/en\/wp-json\/wp\/v2\/product_brand?post=313984"},{"taxonomy":"product_cat","embeddable":true,"href":"https:\/\/www.salzburgerheimatwerk.at\/en\/wp-json\/wp\/v2\/product_cat?post=313984"},{"taxonomy":"product_tag","embeddable":true,"href":"https:\/\/www.salzburgerheimatwerk.at\/en\/wp-json\/wp\/v2\/product_tag?post=313984"}],"curies":[{"name":"wp","href":"https:\/\/api.w.org\/{rel}","templated":true}]}}