{"id":313990,"date":"2024-04-19T08:18:07","date_gmt":"2024-04-19T06:18:07","guid":{"rendered":"https:\/\/www.salzburgerheimatwerk.at\/produkt\/kaschmir-jacke-lindgruen\/"},"modified":"2026-04-28T18:27:09","modified_gmt":"2026-04-28T16:27:09","slug":"kaschmir-jacke-lindgruen","status":"publish","type":"product","link":"https:\/\/www.salzburgerheimatwerk.at\/en\/produkt\/kaschmir-jacke-lindgruen\/","title":{"rendered":"Kaschmir Jacke lindgr\u00fcn"},"content":{"rendered":"<p>Vielseitig kombinierbar und perfekt f\u00fcr jeden Anlass: Unsere kurze Strickjacke aus 100% Kaschmir werden Sie lieben.V-Ausschnitt und lange \u00c4rmel machen diese Jacke als idealen Begleiter an lauen Sommerabenden. Permuttkn\u00f6pfe zieren das Vorderteil. Die Jacke passt sowohl zu klassischer Kleidung als auch zur Tracht.<\/p>\n","protected":false},"excerpt":{"rendered":"<p>Vielseitig kombinierbar und perfekt f\u00fcr jeden Anlass: Unsere kurze Strickjacke aus 100% Kaschmir werden Sie lieben.V-Ausschnitt und lange \u00c4rmel machen diese Jacke als idealen&#8230;<\/p>\n","protected":false},"featured_media":343701,"template":"","meta":{"_acf_changed":false},"product_brand":[],"product_cat":[48,53],"product_tag":[2339],"class_list":{"0":"post-313990","1":"product","2":"type-product","3":"status-publish","4":"has-post-thumbnail","6":"pricegroup-202","7":"pricegroup-232","8":"productgroup-204","9":"productgroup-233","10":"product_cat-damentracht","11":"product_cat-strick-walk","12":"product_tag-cashmere-jacke","13":"pa_farbe-gruen","15":"first","16":"instock","17":"taxable","18":"shipping-taxable","19":"purchasable","20":"product-type-variable","21":"has-default-attributes"},"acf":[],"jetpack_sharing_enabled":true,"_links":{"self":[{"href":"https:\/\/www.salzburgerheimatwerk.at\/en\/wp-json\/wp\/v2\/product\/313990","targetHints":{"allow":["GET"]}}],"collection":[{"href":"https:\/\/www.salzburgerheimatwerk.at\/en\/wp-json\/wp\/v2\/product"}],"about":[{"href":"https:\/\/www.salzburgerheimatwerk.at\/en\/wp-json\/wp\/v2\/types\/product"}],"wp:featuredmedia":[{"embeddable":true,"href":"https:\/\/www.salzburgerheimatwerk.at\/en\/wp-json\/wp\/v2\/media\/343701"}],"wp:attachment":[{"href":"https:\/\/www.salzburgerheimatwerk.at\/en\/wp-json\/wp\/v2\/media?parent=313990"}],"wp:term":[{"taxonomy":"product_brand","embeddable":true,"href":"https:\/\/www.salzburgerheimatwerk.at\/en\/wp-json\/wp\/v2\/product_brand?post=313990"},{"taxonomy":"product_cat","embeddable":true,"href":"https:\/\/www.salzburgerheimatwerk.at\/en\/wp-json\/wp\/v2\/product_cat?post=313990"},{"taxonomy":"product_tag","embeddable":true,"href":"https:\/\/www.salzburgerheimatwerk.at\/en\/wp-json\/wp\/v2\/product_tag?post=313990"}],"curies":[{"name":"wp","href":"https:\/\/api.w.org\/{rel}","templated":true}]}}