{"id":313998,"date":"2024-04-19T08:18:13","date_gmt":"2024-04-19T06:18:13","guid":{"rendered":"https:\/\/www.salzburgerheimatwerk.at\/produkt\/damenpantoletten\/"},"modified":"2026-04-28T18:27:09","modified_gmt":"2026-04-28T16:27:09","slug":"damenpantoletten","status":"publish","type":"product","link":"https:\/\/www.salzburgerheimatwerk.at\/en\/produkt\/damenpantoletten\/","title":{"rendered":"Damenpantoletten"},"content":{"rendered":"<p>Hochwertige Sandalen f\u00fcr Damen von Dirndl + Bua in Kiesel. Aus hochwertigem Leder gefertigt, begeistert das Modell in edler Aufmachung, w\u00e4hrend das gewebte Design f\u00fcr das gewisse Etwas sorgt.<br \/>\nGummisohle mit Ledereinsatz<br \/>\nHerren-Absatz<\/p>\n","protected":false},"excerpt":{"rendered":"<p>Hochwertige Sandalen f\u00fcr Damen von Dirndl + Bua in Kiesel. Aus hochwertigem Leder gefertigt, begeistert das Modell in edler Aufmachung, w\u00e4hrend das gewebte Design&#8230;<\/p>\n","protected":false},"featured_media":343713,"template":"","meta":{"_acf_changed":false},"product_brand":[],"product_cat":[48,58],"product_tag":[1883],"class_list":{"0":"post-313998","1":"product","2":"type-product","3":"status-publish","4":"has-post-thumbnail","6":"pricegroup-354","7":"pricegroup-202","8":"productgroup-204","9":"productgroup-355","10":"product_cat-damentracht","11":"product_cat-schuhe-taschen","12":"product_tag-damenschuh","13":"pa_farbe-beige","15":"first","16":"instock","17":"taxable","18":"shipping-taxable","19":"purchasable","20":"product-type-variable","21":"has-default-attributes"},"acf":[],"jetpack_sharing_enabled":true,"_links":{"self":[{"href":"https:\/\/www.salzburgerheimatwerk.at\/en\/wp-json\/wp\/v2\/product\/313998","targetHints":{"allow":["GET"]}}],"collection":[{"href":"https:\/\/www.salzburgerheimatwerk.at\/en\/wp-json\/wp\/v2\/product"}],"about":[{"href":"https:\/\/www.salzburgerheimatwerk.at\/en\/wp-json\/wp\/v2\/types\/product"}],"wp:featuredmedia":[{"embeddable":true,"href":"https:\/\/www.salzburgerheimatwerk.at\/en\/wp-json\/wp\/v2\/media\/343713"}],"wp:attachment":[{"href":"https:\/\/www.salzburgerheimatwerk.at\/en\/wp-json\/wp\/v2\/media?parent=313998"}],"wp:term":[{"taxonomy":"product_brand","embeddable":true,"href":"https:\/\/www.salzburgerheimatwerk.at\/en\/wp-json\/wp\/v2\/product_brand?post=313998"},{"taxonomy":"product_cat","embeddable":true,"href":"https:\/\/www.salzburgerheimatwerk.at\/en\/wp-json\/wp\/v2\/product_cat?post=313998"},{"taxonomy":"product_tag","embeddable":true,"href":"https:\/\/www.salzburgerheimatwerk.at\/en\/wp-json\/wp\/v2\/product_tag?post=313998"}],"curies":[{"name":"wp","href":"https:\/\/api.w.org\/{rel}","templated":true}]}}