{"id":314014,"date":"2024-04-20T08:16:36","date_gmt":"2024-04-20T06:16:36","guid":{"rendered":"https:\/\/www.salzburgerheimatwerk.at\/produkt\/damenkleid-louise\/"},"modified":"2026-04-28T18:25:13","modified_gmt":"2026-04-28T16:25:13","slug":"damenkleid-louise","status":"publish","type":"product","link":"https:\/\/www.salzburgerheimatwerk.at\/en\/produkt\/damenkleid-louise\/","title":{"rendered":"Damenkleid Louise"},"content":{"rendered":"<p>Wundersch\u00f6nes Sommerkleid aus der Kollektion der steirischen Designerin Theresa Sch\u00f6ffel. Qualit\u00e4t aus \u00d6sterreich die man sieht und sp\u00fcrt.<br \/>\nEgal ob am Strand, in der Stadt oder auf dem Land &#8211; mit Theresa Sch\u00f6ffel Designs werden Sie \u00fcberall zum Hingucker.<br \/>\nDesigns von Theresa Sch\u00f6ffel stehen f\u00fcr nat\u00fcrliche Kreativit\u00e4t und pure, bunte Lebensfreude. Jedes gefertigte Kleidungsst\u00fcck ist ein wahres Unikat und verk\u00f6rpert gleichzeitig die Sch\u00f6nheit und Freiheit des Bo-Ho Chics auf einzigartige Weise. <\/p>\n<p>kurzarm, Popelin Stretch (annarose) (Sch\u00e4rpe inkl.)<\/p>\n","protected":false},"excerpt":{"rendered":"<p>Wundersch\u00f6nes Sommerkleid aus der Kollektion der steirischen Designerin Theresa Sch\u00f6ffel. Qualit\u00e4t aus \u00d6sterreich die man sieht und sp\u00fcrt.  Egal ob am Strand, in&#8230;<\/p>\n","protected":false},"featured_media":343644,"template":"","meta":{"_acf_changed":false},"product_brand":[],"product_cat":[48,49],"product_tag":[1589],"class_list":{"0":"post-314014","1":"product","2":"type-product","3":"status-publish","4":"has-post-thumbnail","6":"pricegroup-202","7":"pricegroup-298","8":"productgroup-204","9":"productgroup-299","10":"product_cat-damentracht","11":"product_cat-dirndl-kleider","12":"product_tag-damenkleid","13":"pa_farbe-mehrfarbig","15":"first","16":"instock","17":"taxable","18":"shipping-taxable","19":"purchasable","20":"product-type-variable"},"acf":[],"jetpack_sharing_enabled":true,"_links":{"self":[{"href":"https:\/\/www.salzburgerheimatwerk.at\/en\/wp-json\/wp\/v2\/product\/314014","targetHints":{"allow":["GET"]}}],"collection":[{"href":"https:\/\/www.salzburgerheimatwerk.at\/en\/wp-json\/wp\/v2\/product"}],"about":[{"href":"https:\/\/www.salzburgerheimatwerk.at\/en\/wp-json\/wp\/v2\/types\/product"}],"wp:featuredmedia":[{"embeddable":true,"href":"https:\/\/www.salzburgerheimatwerk.at\/en\/wp-json\/wp\/v2\/media\/343644"}],"wp:attachment":[{"href":"https:\/\/www.salzburgerheimatwerk.at\/en\/wp-json\/wp\/v2\/media?parent=314014"}],"wp:term":[{"taxonomy":"product_brand","embeddable":true,"href":"https:\/\/www.salzburgerheimatwerk.at\/en\/wp-json\/wp\/v2\/product_brand?post=314014"},{"taxonomy":"product_cat","embeddable":true,"href":"https:\/\/www.salzburgerheimatwerk.at\/en\/wp-json\/wp\/v2\/product_cat?post=314014"},{"taxonomy":"product_tag","embeddable":true,"href":"https:\/\/www.salzburgerheimatwerk.at\/en\/wp-json\/wp\/v2\/product_tag?post=314014"}],"curies":[{"name":"wp","href":"https:\/\/api.w.org\/{rel}","templated":true}]}}