{"id":314025,"date":"2024-04-20T08:16:43","date_gmt":"2024-04-20T06:16:43","guid":{"rendered":"https:\/\/www.salzburgerheimatwerk.at\/produkt\/dirndl-karo\/"},"modified":"2026-04-11T19:25:07","modified_gmt":"2026-04-11T17:25:07","slug":"dirndl-karo","status":"publish","type":"product","link":"https:\/\/www.salzburgerheimatwerk.at\/en\/produkt\/dirndl-karo\/","title":{"rendered":"Heimatwerk Dirndl Karo"},"content":{"rendered":"<p>Dieses Waschdirndl besticht durch sein sch\u00f6nes Karo in Beere. Miederschnitt mit Knopfverschluss und Passepoil in Kontrastfarbe, Der Rock ist in Falten gelegt und wird durch einen kontrastreichen Vorstoss zum richtigen Hingucker. Passende Baumwollsch\u00fcrze in Tupf. Dieses Dirndl ist perfekt f\u00fcr jeden Anlass in einer trendigen 70er L\u00e4nge.<\/p>\n","protected":false},"excerpt":{"rendered":"<p>Dieses Waschdirndl besticht durch sein sch\u00f6nes Karo in Beere. Miederschnitt mit Knopfverschluss und Passepoil in Kontrastfarbe, Der Rock ist in Falten gelegt und wird&#8230;<\/p>\n","protected":false},"featured_media":329405,"template":"","meta":{"_acf_changed":false},"product_brand":[],"product_cat":[49,48],"product_tag":[2340],"class_list":{"0":"post-314025","1":"product","2":"type-product","3":"status-publish","4":"has-post-thumbnail","6":"pricegroup-312","7":"pricegroup-202","8":"productgroup-313","9":"productgroup-204","10":"product_cat-dirndl-kleider","11":"product_cat-damentracht","12":"product_tag-dirndl-karo","13":"pa_farbe-rosa","15":"first","16":"outofstock","17":"taxable","18":"shipping-taxable","19":"product-type-variable"},"acf":[],"jetpack_sharing_enabled":true,"_links":{"self":[{"href":"https:\/\/www.salzburgerheimatwerk.at\/en\/wp-json\/wp\/v2\/product\/314025","targetHints":{"allow":["GET"]}}],"collection":[{"href":"https:\/\/www.salzburgerheimatwerk.at\/en\/wp-json\/wp\/v2\/product"}],"about":[{"href":"https:\/\/www.salzburgerheimatwerk.at\/en\/wp-json\/wp\/v2\/types\/product"}],"wp:featuredmedia":[{"embeddable":true,"href":"https:\/\/www.salzburgerheimatwerk.at\/en\/wp-json\/wp\/v2\/media\/329405"}],"wp:attachment":[{"href":"https:\/\/www.salzburgerheimatwerk.at\/en\/wp-json\/wp\/v2\/media?parent=314025"}],"wp:term":[{"taxonomy":"product_brand","embeddable":true,"href":"https:\/\/www.salzburgerheimatwerk.at\/en\/wp-json\/wp\/v2\/product_brand?post=314025"},{"taxonomy":"product_cat","embeddable":true,"href":"https:\/\/www.salzburgerheimatwerk.at\/en\/wp-json\/wp\/v2\/product_cat?post=314025"},{"taxonomy":"product_tag","embeddable":true,"href":"https:\/\/www.salzburgerheimatwerk.at\/en\/wp-json\/wp\/v2\/product_tag?post=314025"}],"curies":[{"name":"wp","href":"https:\/\/api.w.org\/{rel}","templated":true}]}}