{"id":314229,"date":"2024-05-03T08:16:58","date_gmt":"2024-05-03T06:16:58","guid":{"rendered":"https:\/\/www.salzburgerheimatwerk.at\/produkt\/strickjacke-mit-tunnelzug\/"},"modified":"2026-04-28T20:23:11","modified_gmt":"2026-04-28T18:23:11","slug":"strickjacke-mit-tunnelzug","status":"publish","type":"product","link":"https:\/\/www.salzburgerheimatwerk.at\/en\/produkt\/strickjacke-mit-tunnelzug\/","title":{"rendered":"Strickjacke mit Tunnelzug"},"content":{"rendered":"<p>Trachten-Strickjacke f\u00fcr Damen von Gottseidank in Eukalyptus. Die extrafeine Merino-Wolle in raffinierter Strick-Qualit\u00e4t punktet mit besonders angenehmem Tragekomfort, w\u00e4hrend stilvolle Kn\u00f6pfe sowie der Tunnelzug das traditionelle Modell feminin vollenden.<\/p>\n","protected":false},"excerpt":{"rendered":"<p>Trachten-Strickjacke f\u00fcr Damen von Gottseidank in Eukalyptus. Die extrafeine Merino-Wolle in raffinierter Strick-Qualit\u00e4t punktet mit besonders angenehmem Tragekomfort, w\u00e4hrend stilvolle Kn\u00f6pfe sowie der Tunnelzug&#8230;<\/p>\n","protected":false},"featured_media":343482,"template":"","meta":{"_acf_changed":false},"product_brand":[],"product_cat":[48,53],"product_tag":[2152],"class_list":{"0":"post-314229","1":"product","2":"type-product","3":"status-publish","4":"has-post-thumbnail","6":"pricegroup-202","7":"pricegroup-232","8":"productgroup-204","9":"productgroup-233","10":"product_cat-damentracht","11":"product_cat-strick-walk","12":"product_tag-damenstrickjacke","13":"pa_farbe-gruen","15":"first","16":"instock","17":"taxable","18":"shipping-taxable","19":"purchasable","20":"product-type-variable","21":"has-default-attributes"},"acf":[],"jetpack_sharing_enabled":true,"_links":{"self":[{"href":"https:\/\/www.salzburgerheimatwerk.at\/en\/wp-json\/wp\/v2\/product\/314229","targetHints":{"allow":["GET"]}}],"collection":[{"href":"https:\/\/www.salzburgerheimatwerk.at\/en\/wp-json\/wp\/v2\/product"}],"about":[{"href":"https:\/\/www.salzburgerheimatwerk.at\/en\/wp-json\/wp\/v2\/types\/product"}],"wp:featuredmedia":[{"embeddable":true,"href":"https:\/\/www.salzburgerheimatwerk.at\/en\/wp-json\/wp\/v2\/media\/343482"}],"wp:attachment":[{"href":"https:\/\/www.salzburgerheimatwerk.at\/en\/wp-json\/wp\/v2\/media?parent=314229"}],"wp:term":[{"taxonomy":"product_brand","embeddable":true,"href":"https:\/\/www.salzburgerheimatwerk.at\/en\/wp-json\/wp\/v2\/product_brand?post=314229"},{"taxonomy":"product_cat","embeddable":true,"href":"https:\/\/www.salzburgerheimatwerk.at\/en\/wp-json\/wp\/v2\/product_cat?post=314229"},{"taxonomy":"product_tag","embeddable":true,"href":"https:\/\/www.salzburgerheimatwerk.at\/en\/wp-json\/wp\/v2\/product_tag?post=314229"}],"curies":[{"name":"wp","href":"https:\/\/api.w.org\/{rel}","templated":true}]}}