{"id":314654,"date":"2024-05-07T08:16:03","date_gmt":"2024-05-07T06:16:03","guid":{"rendered":"https:\/\/www.salzburgerheimatwerk.at\/produkt\/pumps-ziegenvelour-seide-ozean\/"},"modified":"2026-04-28T18:25:10","modified_gmt":"2026-04-28T16:25:10","slug":"pumps-ziegenvelour-seide-ozean","status":"publish","type":"product","link":"https:\/\/www.salzburgerheimatwerk.at\/en\/produkt\/pumps-ziegenvelour-seide-ozean\/","title":{"rendered":"Pumps Ziegenvelour\/Seide ozean"},"content":{"rendered":"<p>Wundersch\u00f6ner ozeanblauer Damenpumps aus Ziegenvelours und Seide von Dirndl &#038; Bua. Dieser edle Schuh passt zu jedem Anlass und verleiht dem Bein eine wundersch\u00f6ne Silouette. Qualit\u00e4t die man sieht und sp\u00fcrt.<\/p>\n","protected":false},"excerpt":{"rendered":"<p>Wundersch\u00f6ner ozeanblauer Damenpumps aus Ziegenvelours und Seide von Dirndl &#038; Bua. Dieser edle Schuh passt zu jedem Anlass und verleiht dem Bein eine wundersch\u00f6ne&#8230;<\/p>\n","protected":false},"featured_media":343579,"template":"","meta":{"_acf_changed":false},"product_brand":[],"product_cat":[48,58],"product_tag":[1883],"class_list":{"0":"post-314654","1":"product","2":"type-product","3":"status-publish","4":"has-post-thumbnail","6":"pricegroup-202","7":"pricegroup-354","8":"productgroup-204","9":"productgroup-355","10":"product_cat-damentracht","11":"product_cat-schuhe-taschen","12":"product_tag-damenschuh","14":"first","15":"instock","16":"taxable","17":"shipping-taxable","18":"purchasable","19":"product-type-variable","20":"has-default-attributes"},"acf":[],"jetpack_sharing_enabled":true,"_links":{"self":[{"href":"https:\/\/www.salzburgerheimatwerk.at\/en\/wp-json\/wp\/v2\/product\/314654","targetHints":{"allow":["GET"]}}],"collection":[{"href":"https:\/\/www.salzburgerheimatwerk.at\/en\/wp-json\/wp\/v2\/product"}],"about":[{"href":"https:\/\/www.salzburgerheimatwerk.at\/en\/wp-json\/wp\/v2\/types\/product"}],"wp:featuredmedia":[{"embeddable":true,"href":"https:\/\/www.salzburgerheimatwerk.at\/en\/wp-json\/wp\/v2\/media\/343579"}],"wp:attachment":[{"href":"https:\/\/www.salzburgerheimatwerk.at\/en\/wp-json\/wp\/v2\/media?parent=314654"}],"wp:term":[{"taxonomy":"product_brand","embeddable":true,"href":"https:\/\/www.salzburgerheimatwerk.at\/en\/wp-json\/wp\/v2\/product_brand?post=314654"},{"taxonomy":"product_cat","embeddable":true,"href":"https:\/\/www.salzburgerheimatwerk.at\/en\/wp-json\/wp\/v2\/product_cat?post=314654"},{"taxonomy":"product_tag","embeddable":true,"href":"https:\/\/www.salzburgerheimatwerk.at\/en\/wp-json\/wp\/v2\/product_tag?post=314654"}],"curies":[{"name":"wp","href":"https:\/\/api.w.org\/{rel}","templated":true}]}}