{"id":315127,"date":"2024-05-17T08:17:01","date_gmt":"2024-05-17T06:17:01","guid":{"rendered":"https:\/\/www.salzburgerheimatwerk.at\/produkt\/jaegerleinen-joppe-mit-tragoner\/"},"modified":"2026-04-28T18:25:10","modified_gmt":"2026-04-28T16:25:10","slug":"jaegerleinen-joppe-mit-tragoner","status":"publish","type":"product","link":"https:\/\/www.salzburgerheimatwerk.at\/en\/produkt\/jaegerleinen-joppe-mit-tragoner\/","title":{"rendered":"J\u00e4gerleinen Joppe mit Tragoner"},"content":{"rendered":"<p>Zeitloses Herrensakko in klassischem J\u00e4gerleinen und Hirschhornkn\u00f6pfen. Eingefasst Stehkragen, Knopflochleiste, Eingrifftaschen, Tragoner in dunkelgr\u00fcnem Loden. Passend zur Lederhose, Jean oder jeglicher Stoffhose. Das Sakko ist komplett unterf\u00fcttert und hochwertigst verarbeitet.<\/p>\n","protected":false},"excerpt":{"rendered":"<p>Zeitloses Herrensakko in klassischem J\u00e4gerleinen und Hirschhornkn\u00f6pfen. Eingefasst Stehkragen, Knopflochleiste, Eingrifftaschen, Tragoner in dunkelgr\u00fcnem Loden. Passend zur Lederhose, Jean oder jeglicher Stoffhose. Das Sakko&#8230;<\/p>\n","protected":false},"featured_media":343566,"template":"","meta":{"_acf_changed":false},"product_brand":[],"product_cat":[1222,59,61],"product_tag":[1229],"class_list":{"0":"post-315127","1":"product","2":"type-product","3":"status-publish","4":"has-post-thumbnail","6":"pricegroup-166","7":"pricegroup-850","8":"productgroup-174","9":"productgroup-851","10":"product_cat-sakko","11":"product_cat-herrentracht","12":"product_cat-jacken-maentel","13":"product_tag-jaegerleinenjacke","14":"pa_farbe-beige","16":"first","17":"instock","18":"taxable","19":"shipping-taxable","20":"purchasable","21":"product-type-variable","22":"has-default-attributes"},"acf":[],"jetpack_sharing_enabled":true,"_links":{"self":[{"href":"https:\/\/www.salzburgerheimatwerk.at\/en\/wp-json\/wp\/v2\/product\/315127","targetHints":{"allow":["GET"]}}],"collection":[{"href":"https:\/\/www.salzburgerheimatwerk.at\/en\/wp-json\/wp\/v2\/product"}],"about":[{"href":"https:\/\/www.salzburgerheimatwerk.at\/en\/wp-json\/wp\/v2\/types\/product"}],"wp:featuredmedia":[{"embeddable":true,"href":"https:\/\/www.salzburgerheimatwerk.at\/en\/wp-json\/wp\/v2\/media\/343566"}],"wp:attachment":[{"href":"https:\/\/www.salzburgerheimatwerk.at\/en\/wp-json\/wp\/v2\/media?parent=315127"}],"wp:term":[{"taxonomy":"product_brand","embeddable":true,"href":"https:\/\/www.salzburgerheimatwerk.at\/en\/wp-json\/wp\/v2\/product_brand?post=315127"},{"taxonomy":"product_cat","embeddable":true,"href":"https:\/\/www.salzburgerheimatwerk.at\/en\/wp-json\/wp\/v2\/product_cat?post=315127"},{"taxonomy":"product_tag","embeddable":true,"href":"https:\/\/www.salzburgerheimatwerk.at\/en\/wp-json\/wp\/v2\/product_tag?post=315127"}],"curies":[{"name":"wp","href":"https:\/\/api.w.org\/{rel}","templated":true}]}}